{"id":381,"date":"2023-12-09T16:25:08","date_gmt":"2023-12-09T15:25:08","guid":{"rendered":"https:\/\/www.placelibertine.com\/blog\/?page_id=381"},"modified":"2024-01-10T12:33:11","modified_gmt":"2024-01-10T11:33:11","slug":"glossaire","status":"publish","type":"page","link":"https:\/\/www.placelibertine.com\/blog\/glossaire\/","title":{"rendered":"Glossaire"},"content":{"rendered":"<p>[et_pb_section fb_built=\u00a0\u00bb1&Prime; _builder_version=\u00a0\u00bb4.21.2&Prime; _module_preset=\u00a0\u00bbdefault\u00a0\u00bb global_colors_info=\u00a0\u00bb{}\u00a0\u00bb][et_pb_row _builder_version=\u00a0\u00bb4.21.2&Prime; _module_preset=\u00a0\u00bbdefault\u00a0\u00bb global_colors_info=\u00a0\u00bb{}\u00a0\u00bb][et_pb_column type=\u00a0\u00bb4_4&Prime; _builder_version=\u00a0\u00bb4.21.2&Prime; _module_preset=\u00a0\u00bbdefault\u00a0\u00bb global_colors_info=\u00a0\u00bb{}\u00a0\u00bb][et_pb_image src=\u00a0\u00bbhttps:\/\/www.placelibertine.com\/blog\/wp-content\/uploads\/2023\/12\/banniere-glossaire-place-libertine.jpg\u00a0\u00bb alt=\u00a0\u00bbBanni\u00e8re %22Glossaire%22 &#8211; Place Libertine\u00a0\u00bb title_text=\u00a0\u00bbbanniere-glossaire-place-libertine\u00a0\u00bb _builder_version=\u00a0\u00bb4.21.2&Prime; _module_preset=\u00a0\u00bbdefault\u00a0\u00bb global_colors_info=\u00a0\u00bb{}\u00a0\u00bb][\/et_pb_image][et_pb_text _builder_version=\u00a0\u00bb4.23.2&Prime; _module_preset=\u00a0\u00bbdefault\u00a0\u00bb global_colors_info=\u00a0\u00bb{}\u00a0\u00bb]<\/p>\n<p style=\"text-align: center;\">D\u00e9couvrez le <strong>glossaire<\/strong> du sexe, par Place Libertine !<\/p>\n<p style=\"text-align: center;\">Nous avons d\u00e9cid\u00e9 d&rsquo;expliquer chacun des termes pr\u00e9sents sur cette page : outre leur d\u00e9finition, vous deviendrez incollable sur chacun de ces sujets, et, parfois, on vous donnera m\u00eame <strong>quelques conseils<\/strong> qui devraient vous plaire&#8230;<\/p>\n<p style=\"text-align: center;\">N&rsquo;h\u00e9sitez pas \u00e0 vous perdre parmi tous ces textes !<\/p>\n<p>[\/et_pb_text][\/et_pb_column][\/et_pb_row][et_pb_row _builder_version=\u00a0\u00bb4.21.2&Prime; _module_preset=\u00a0\u00bbdefault\u00a0\u00bb global_colors_info=\u00a0\u00bb{}\u00a0\u00bb][et_pb_column type=\u00a0\u00bb4_4&Prime; _builder_version=\u00a0\u00bb4.21.2&Prime; _module_preset=\u00a0\u00bbdefault\u00a0\u00bb global_colors_info=\u00a0\u00bb{}\u00a0\u00bb][et_pb_divider divider_weight=\u00a0\u00bb2px\u00a0\u00bb _builder_version=\u00a0\u00bb4.21.2&Prime; _module_preset=\u00a0\u00bbdefault\u00a0\u00bb width=\u00a0\u00bb25%\u00a0\u00bb module_alignment=\u00a0\u00bbcenter\u00a0\u00bb global_colors_info=\u00a0\u00bb{}\u00a0\u00bb][\/et_pb_divider][\/et_pb_column][\/et_pb_row][et_pb_row _builder_version=\u00a0\u00bb4.21.2&Prime; _module_preset=\u00a0\u00bbdefault\u00a0\u00bb global_colors_info=\u00a0\u00bb{}\u00a0\u00bb][et_pb_column type=\u00a0\u00bb4_4&Prime; _builder_version=\u00a0\u00bb4.21.2&Prime; _module_preset=\u00a0\u00bbdefault\u00a0\u00bb global_colors_info=\u00a0\u00bb{}\u00a0\u00bb][et_pb_text _builder_version=\u00a0\u00bb4.23.2&Prime; _module_preset=\u00a0\u00bbdefault\u00a0\u00bb global_colors_info=\u00a0\u00bb{}\u00a0\u00bb]<\/p>\n<h2 style=\"text-align: center;\">Le glossaire par ordre alphab\u00e9tique :<\/h2>\n<p>[\/et_pb_text][\/et_pb_column][\/et_pb_row][et_pb_row _builder_version=\u00a0\u00bb4.21.2&Prime; _module_preset=\u00a0\u00bbdefault\u00a0\u00bb global_colors_info=\u00a0\u00bb{}\u00a0\u00bb][et_pb_column type=\u00a0\u00bb4_4&Prime; _builder_version=\u00a0\u00bb4.21.2&Prime; _module_preset=\u00a0\u00bbdefault\u00a0\u00bb global_colors_info=\u00a0\u00bb{}\u00a0\u00bb][et_pb_text _builder_version=\u00a0\u00bb4.23.2&Prime; _module_preset=\u00a0\u00bbdefault\u00a0\u00bb global_colors_info=\u00a0\u00bb{}\u00a0\u00bb]<\/p>\n<p style=\"text-align: center;\"><strong><a href=\"#A\">A<\/a>\u00a0 \u00a0 <a href=\"#B\">B<\/a>\u00a0 \u00a0 <a href=\"#C\">C<\/a>\u00a0 \u00a0 <a href=\"#D\">D<\/a>\u00a0 \u00a0 <a href=\"#E\">E<\/a>\u00a0 \u00a0 <a href=\"#F\">F<\/a>\u00a0 \u00a0 <a href=\"#G\">G<\/a>\u00a0 \u00a0 <a href=\"#H\">H<\/a>\u00a0 \u00a0 <a href=\"#I\">I<\/a>\u00a0 \u00a0 <a href=\"#J\">J<\/a>\u00a0 \u00a0 <a href=\"#K\">K<\/a>\u00a0 \u00a0 <a href=\"#L\">L<\/a>\u00a0 \u00a0 <a href=\"#M\">M<\/a>\u00a0 \u00a0 <a href=\"#N\">N<\/a>\u00a0 \u00a0 <a href=\"#O\">O<\/a>\u00a0 \u00a0 <a href=\"#P\">P<\/a>\u00a0 \u00a0 <a href=\"#Q\">Q<\/a>\u00a0 \u00a0 <a href=\"#R\">R<\/a>\u00a0 \u00a0 <a href=\"#S\">S<\/a>\u00a0 \u00a0 <a href=\"#T\">T<\/a>\u00a0 \u00a0 <a href=\"#U\">U<\/a>\u00a0 \u00a0 <a href=\"#V\">V<\/a>\u00a0 \u00a0 <a href=\"#W\">W<\/a>\u00a0 \u00a0 <a href=\"#X\">X<\/a>\u00a0 \u00a0 <a href=\"#Y\">Y<\/a>\u00a0 \u00a0 <a href=\"#Z\">Z<\/a><\/strong><\/p>\n<p>[\/et_pb_text][et_pb_text module_id=\u00a0\u00bbA\u00a0\u00bb _builder_version=\u00a0\u00bb4.23.2&Prime; _module_preset=\u00a0\u00bbdefault\u00a0\u00bb global_colors_info=\u00a0\u00bb{}\u00a0\u00bb]<\/p>\n<h3 style=\"text-align: center;\"><strong>A<\/strong><\/h3>\n<p>[\/et_pb_text][et_pb_text _builder_version=\u00a0\u00bb4.23.4&Prime; _module_preset=\u00a0\u00bbdefault\u00a0\u00bb global_colors_info=\u00a0\u00bb{}\u00a0\u00bb]<\/p>\n<p style=\"text-align: center;\"><a href=\"https:\/\/www.placelibertine.com\/blog\/glossaire\/aftercare\/\"><strong>\u2192 Aftercare<\/strong><\/a><\/p>\n<p><span style=\"font-weight: 400;\">Pour celles et ceux qui aiment les gros c\u00e2lins apr\u00e8s une partie de jambes en l\u2019air particuli\u00e8rement rythm\u00e9e (voire m\u00eame un peu violente\u2026), d\u00e9couvrez la pratique de <strong>l\u2019aftercare<\/strong> : vous risqueriez aimer\u2026<\/span><\/p>\n<p>&nbsp;<\/p>\n<p>&nbsp;<\/p>\n<p style=\"text-align: center;\"><a href=\"https:\/\/www.placelibertine.com\/blog\/glossaire\/anneau-penien\/\"><strong>\u2192 Anneau p\u00e9nien<\/strong><\/a><\/p>\n<p><span style=\"font-weight: 400;\">Des \u00e9rections plus longues, plus dures et plus grosses ? C\u2019est facilement possible, \u00e0 l\u2019aide de <strong>l\u2019anneau p\u00e9nien<\/strong>, plus commun\u00e9ment appel\u00e9 \u201ccockring\u201d ! On vous en dit plus ici\u2026<\/span><\/p>\n<p>&nbsp;<\/p>\n<p>&nbsp;<\/p>\n<p style=\"text-align: center;\"><a href=\"https:\/\/www.placelibertine.com\/blog\/glossaire\/anorgasmie\/\"><strong>\u2192 Anorgasmie<\/strong><\/a><\/p>\n<p><span style=\"font-weight: 400;\">Il vous est tr\u00e8s difficile, voire impossible, d\u2019atteindre l\u2019orgasme ? Rassurez-vous, vous n\u2019\u00eates pas seule : peut-\u00eatre \u00eates vous sujet(te), comme beaucoup d\u2019autres, \u00e0 <strong>l\u2019anorgasmie<\/strong>. D\u00e9couvrez tout ce qu\u2019il vous faut savoir \u00e0 ce sujet\u2026<\/span><\/p>\n<p>&nbsp;<\/p>\n<p>&nbsp;<\/p>\n<p style=\"text-align: center;\"><strong><a href=\"https:\/\/www.placelibertine.com\/blog\/glossaire\/anulingus\/\">\u2192 Anulingus<\/a><\/strong><\/p>\n<p><span style=\"font-weight: 400;\">\u00c9galement appel\u00e9 \u201crimming\u201d, <strong>l\u2019anulingus<\/strong> a fortement gagn\u00e9 en popularit\u00e9 ces derni\u00e8res ann\u00e9es, aupr\u00e8s des hommes comme des femmes. On vous explique tout ici, et on vous donne m\u00eame quelques petits conseils\u2026<\/span><\/p>\n<p>&nbsp;<\/p>\n<p>[\/et_pb_text][et_pb_text module_id=\u00a0\u00bbB\u00a0\u00bb _builder_version=\u00a0\u00bb4.23.2&Prime; _module_preset=\u00a0\u00bbdefault\u00a0\u00bb global_colors_info=\u00a0\u00bb{}\u00a0\u00bb]<\/p>\n<h3 style=\"text-align: center;\"><strong>B<\/strong><\/h3>\n<p>[\/et_pb_text][et_pb_text _builder_version=\u00a0\u00bb4.23.2&Prime; _module_preset=\u00a0\u00bbdefault\u00a0\u00bb global_colors_info=\u00a0\u00bb{}\u00a0\u00bb]<\/p>\n<p style=\"text-align: center;\"><strong><a href=\"https:\/\/www.placelibertine.com\/blog\/glossaire\/barebacking\/\">\u2192 Barebacking<\/a><\/strong><\/p>\n<p><span style=\"font-weight: 400;\">Pratique que l\u2019on attribuait uniquement aux homosexuels il y a encore quelques ann\u00e9es, le <strong>barebacking<\/strong> s\u2019adresse d\u00e9sormais \u00e0 toutes les personnes. D\u00e9couvrez tout ce qu\u2019il faut savoir sur cette pratique\u2026<\/span><\/p>\n<p>&nbsp;<\/p>\n<blockquote>\n<p style=\"text-align: center;\"><strong><a href=\"https:\/\/www.placelibertine.com\/blog\/glossaire\/bifle\/\">\u2192 Bifle<\/a><\/strong><\/p>\n<\/blockquote>\n<p><span style=\"font-weight: 400;\">Qui ne conna\u00eet pas la <strong>bifle<\/strong> ? Ici, on vous en dit plus : d\u2019o\u00f9 vient le terme, comment est-il apparu, pourquoi est-il d\u00e9sormais si connu\u2026 et si l\u2019on peut, ou pas, le consid\u00e9rer comme une pratique sexuelle \u00e0 part enti\u00e8re !<\/span><\/p>\n<p>&nbsp;<\/p>\n<p style=\"text-align: center;\"><a href=\"https:\/\/www.placelibertine.com\/blog\/boule-geisha\/\"><strong>\u2192 Boules de geisha<\/strong><\/a><\/p>\n<p><span style=\"font-weight: 400;\">Ici, on se focalise sur un petit sextoy tr\u00e8s en vue ces derni\u00e8res ann\u00e9es aupr\u00e8s des hommes comme des femmes : les <strong>boules de geisha<\/strong> n\u2019ont pas fini de faire parler d\u2019elles\u2026<\/span><\/p>\n<p>&nbsp;<\/p>\n<p style=\"text-align: center;\"><a href=\"https:\/\/www.placelibertine.com\/blog\/branlette-espagnole\/\"><strong>\u2192 Branlette espagnole<\/strong><\/a><\/p>\n<p><span style=\"font-weight: 400;\">Fantasme masculin par excellence, la <strong>branlette espagnole<\/strong> inonde les sites porno et se retrouve dans de plus en plus de discussions de couple. D\u00e9couvrez tout ce qu\u2019il faut savoir sur cette pratique juste ici\u2026<\/span><\/p>\n<p>&nbsp;<\/p>\n<p style=\"text-align: center;\"><strong><a href=\"https:\/\/www.placelibertine.com\/blog\/glossaire\/bukkake\/\">\u2192 Bukkake<\/a><\/strong><\/p>\n<p><span style=\"font-weight: 400;\">Encore une pratique que l\u2019on retrouve dans de nombreuses vid\u00e9os X ! Le <strong>bukkake<\/strong> intrigue autant qu\u2019il peut en r\u00e9pugner certains, mais une chose est s\u00fbre : son succ\u00e8s n\u2019a pas fini de cro\u00eetre. On vous dit tout sur cette pratique\u2026<\/span><\/p>\n<p>&nbsp;<\/p>\n<p>[\/et_pb_text][et_pb_text module_id=\u00a0\u00bbC\u00a0\u00bb _builder_version=\u00a0\u00bb4.21.2&Prime; _module_preset=\u00a0\u00bbdefault\u00a0\u00bb global_colors_info=\u00a0\u00bb{}\u00a0\u00bb]<\/p>\n<h3 style=\"text-align: center;\"><strong>C<\/strong><\/h3>\n<p>[\/et_pb_text][et_pb_text module_id=\u00a0\u00bbD\u00a0\u00bb _builder_version=\u00a0\u00bb4.21.2&Prime; _module_preset=\u00a0\u00bbdefault\u00a0\u00bb global_colors_info=\u00a0\u00bb{}\u00a0\u00bb]<\/p>\n<h3 style=\"text-align: center;\">D<\/h3>\n<p>[\/et_pb_text][et_pb_text module_id=\u00a0\u00bbE\u00a0\u00bb _builder_version=\u00a0\u00bb4.21.2&Prime; _module_preset=\u00a0\u00bbdefault\u00a0\u00bb global_colors_info=\u00a0\u00bb{}\u00a0\u00bb]<\/p>\n<h3 style=\"text-align: center;\"><strong>E<\/strong><\/h3>\n<p>[\/et_pb_text][et_pb_text _builder_version=\u00a0\u00bb4.21.2&Prime; _module_preset=\u00a0\u00bbdefault\u00a0\u00bb global_colors_info=\u00a0\u00bb{}\u00a0\u00bb]<\/p>\n<p style=\"text-align: center;\"><a href=\"https:\/\/www.placelibertine.com\/blog\/glossaire\/edging\/\"><strong>\u2192 Edging<\/strong><\/a><\/p>\n<p><span style=\"font-weight: 400;\">Avoir des orgasmes plus intenses, plus longs et plus lib\u00e9rateurs en jouant sur la frustration ? C\u2019est ce que vous propose <strong>l\u2019edging<\/strong> ! D\u00e9couvrez tout ce qu\u2019il faut savoir sur cette nouvelle mani\u00e8re de faire l\u2019amour, qui s\u00e9duit de plus en plus\u2026<\/span><\/p>\n<p>&nbsp;<\/p>\n<p>[\/et_pb_text][et_pb_text module_id=\u00a0\u00bbF\u00a0\u00bb _builder_version=\u00a0\u00bb4.21.2&Prime; _module_preset=\u00a0\u00bbdefault\u00a0\u00bb global_colors_info=\u00a0\u00bb{}\u00a0\u00bb]<\/p>\n<h3 style=\"text-align: center;\"><strong>F<\/strong><\/h3>\n<p>[\/et_pb_text][et_pb_text _builder_version=\u00a0\u00bb4.21.2&Prime; _module_preset=\u00a0\u00bbdefault\u00a0\u00bb global_colors_info=\u00a0\u00bb{}\u00a0\u00bb]<\/p>\n<p style=\"text-align: center;\"><a href=\"https:\/\/www.placelibertine.com\/blog\/glossaire\/facesitting\/\"><strong>\u2192 Facesitting<\/strong><\/a><\/p>\n<p><span style=\"font-weight: 400;\">On vous fait d\u00e9couvrir une pratique qui s\u00e9duit de plus en plus de femmes, qu\u2019elles cherchent \u00e0 asseoir leur domination sur leur partenaire ou non. Quoi qu\u2019il en soit, mesdames, apr\u00e8s avoir lu ce sujet, vous br\u00fblerez d\u2019envie de tester le <strong>facesitting<\/strong>\u2026<\/span><\/p>\n<p>&nbsp;<\/p>\n<p style=\"text-align: center;\"><a href=\"https:\/\/www.placelibertine.com\/blog\/glossaire\/flagellation\/\"><strong>\u2192 Flagellation<\/strong><\/a><\/p>\n<p><span style=\"font-weight: 400;\">Pratique bien connue des amateurs de BDSM, on vous explique aujourd\u2019hui pourquoi la <strong>flagellation<\/strong> pla\u00eet autant, et on vous donne m\u00eame quelques conseils pour la pratiquer en toute s\u00e9curit\u00e9\u2026 et en prenant le plus de plaisir possible !<\/span><\/p>\n<p>&nbsp;<\/p>\n<p>[\/et_pb_text][et_pb_text module_id=\u00a0\u00bbG\u00a0\u00bb _builder_version=\u00a0\u00bb4.21.2&Prime; _module_preset=\u00a0\u00bbdefault\u00a0\u00bb global_colors_info=\u00a0\u00bb{}\u00a0\u00bb]<\/p>\n<h3 style=\"text-align: center;\"><strong>G<\/strong><\/h3>\n<p>[\/et_pb_text][et_pb_text _builder_version=\u00a0\u00bb4.21.2&Prime; _module_preset=\u00a0\u00bbdefault\u00a0\u00bb global_colors_info=\u00a0\u00bb{}\u00a0\u00bb]<\/p>\n<p style=\"text-align: center;\"><a href=\"https:\/\/www.placelibertine.com\/blog\/glossaire\/gerontophilie\/\"><strong>\u2192 G\u00e9rontophilie<\/strong><\/a><\/p>\n<p><span style=\"font-weight: 400;\">D\u00e9couvrez tout ce qu\u2019il faut savoir sur la <strong>g\u00e9rontophilie<\/strong> : d\u00e9finition, personnes concern\u00e9es, risques, et m\u00eame avantages et inconv\u00e9nients\u2026<\/span><\/p>\n<p>&nbsp;<\/p>\n<p style=\"text-align: center;\"><a href=\"https:\/\/www.placelibertine.com\/blog\/glossaire\/gigolo\/\"><strong>\u2192 Gigolo<\/strong><\/a><\/p>\n<p><span style=\"font-weight: 400;\">On vous pr\u00e9sente ici tout ce qu\u2019il faut savoir sur cette pratique, qui est un v\u00e9ritable m\u00e9tier pour certains : \u00e0 l\u2019instar des escort girls, les <strong>gigolos<\/strong> sont de plus en plus pr\u00e9sents sur Internet, et offrent leur service \u00e0 de plus en plus d\u2019hommes et de femmes\u2026<\/span><\/p>\n<p>&nbsp;<\/p>\n<p style=\"text-align: center;\"><a href=\"https:\/\/www.placelibertine.com\/blog\/glossaire\/godemichet\/\"><strong>\u2192 Godemichet<\/strong><\/a><\/p>\n<p><span style=\"font-weight: 400;\">On ne le pr\u00e9sente plus : le <strong>godemichet<\/strong> trouve sa place dans toutes les tables de nuit, que l\u2019on soit un homme ou une femme ! Ici, on vous dit tout sur ce petit (ou gros) jouet, que tout le monde conna\u00eet\u2026<\/span><\/p>\n<p>&nbsp;<\/p>\n<p style=\"text-align: center;\"><a href=\"https:\/\/www.placelibertine.com\/blog\/glossaire\/gokkun\/\"><strong>\u2192 Gokkun<\/strong><\/a><\/p>\n<p><span style=\"font-weight: 400;\">Pratique japonaise qui, au m\u00eame titre que le bukkake, intrigue autant qu\u2019elle semble trouver des adeptes, le <strong>gokkun<\/strong> gagne en visibilit\u00e9 ces derni\u00e8res ann\u00e9es. On vous en dit plus juste ici\u2026<\/span><\/p>\n<p>&nbsp;<\/p>\n<p>[\/et_pb_text][et_pb_text module_id=\u00a0\u00bbH\u00a0\u00bb _builder_version=\u00a0\u00bb4.21.2&Prime; _module_preset=\u00a0\u00bbdefault\u00a0\u00bb global_colors_info=\u00a0\u00bb{}\u00a0\u00bb]<\/p>\n<h3 style=\"text-align: center;\"><strong>H<\/strong><\/h3>\n<p>[\/et_pb_text][et_pb_text module_id=\u00a0\u00bbI\u00a0\u00bb _builder_version=\u00a0\u00bb4.21.2&Prime; _module_preset=\u00a0\u00bbdefault\u00a0\u00bb global_colors_info=\u00a0\u00bb{}\u00a0\u00bb]<\/p>\n<h3 style=\"text-align: center;\"><strong>I<\/strong><\/h3>\n<p>[\/et_pb_text][et_pb_text _builder_version=\u00a0\u00bb4.23.4&Prime; _module_preset=\u00a0\u00bbdefault\u00a0\u00bb global_colors_info=\u00a0\u00bb{}\u00a0\u00bb]<\/p>\n<p style=\"text-align: center;\"><a href=\"https:\/\/www.placelibertine.com\/blog\/glossaire\/injaculation\/\"><strong>\u2192 Injaculation<\/strong><\/a><\/p>\n<p><span style=\"font-weight: 400;\">Un orgasme masculin plus puissant\u2026 mais sans \u00e9jaculer ? C\u2019est ce que vous propose <strong>l\u2019injaculation<\/strong> ! Pour ceux qui n\u2019en auraient jamais entendu parler, on vous fait d\u00e9couvrir cette pratique dans notre sujet\u2026<\/span><\/p>\n<p>&nbsp;<\/p>\n<p style=\"text-align: center;\"><a href=\"https:\/\/www.placelibertine.com\/blog\/glossaire\/irrumation\/\"><strong>\u2192 Irrumation<\/strong><\/a><\/p>\n<p><span style=\"font-weight: 400;\">Encore une pratique qui a gagn\u00e9 en popularit\u00e9 ces derni\u00e8res ann\u00e9es, \u00e0 l\u2019aide des films porno ! Pratiqu\u00e9e lors de la fellation, <strong>l\u2019irrumation<\/strong> pla\u00eet principalement \u00e0 celui qui la re\u00e7oit\u2026 comme vous le d\u00e9couvrirez en lisant notre sujet !<\/span><\/p>\n<p>&nbsp;<\/p>\n<p>[\/et_pb_text][et_pb_text module_id=\u00a0\u00bbJ\u00a0\u00bb _builder_version=\u00a0\u00bb4.21.2&Prime; _module_preset=\u00a0\u00bbdefault\u00a0\u00bb global_colors_info=\u00a0\u00bb{}\u00a0\u00bb]<\/p>\n<h3 style=\"text-align: center;\"><strong>J<\/strong><\/h3>\n<p>[\/et_pb_text][et_pb_text module_id=\u00a0\u00bbK\u00a0\u00bb _builder_version=\u00a0\u00bb4.21.2&Prime; _module_preset=\u00a0\u00bbdefault\u00a0\u00bb global_colors_info=\u00a0\u00bb{}\u00a0\u00bb]<\/p>\n<h3 style=\"text-align: center;\"><strong>K<\/strong><\/h3>\n<p>[\/et_pb_text][et_pb_text module_id=\u00a0\u00bbL\u00a0\u00bb _builder_version=\u00a0\u00bb4.21.2&Prime; _module_preset=\u00a0\u00bbdefault\u00a0\u00bb global_colors_info=\u00a0\u00bb{}\u00a0\u00bb]<\/p>\n<h3 style=\"text-align: center;\"><strong>L<\/strong><\/h3>\n<p>[\/et_pb_text][et_pb_text module_id=\u00a0\u00bbM\u00a0\u00bb _builder_version=\u00a0\u00bb4.21.2&Prime; _module_preset=\u00a0\u00bbdefault\u00a0\u00bb global_colors_info=\u00a0\u00bb{}\u00a0\u00bb]<\/p>\n<h3 style=\"text-align: center;\"><strong>M<\/strong><\/h3>\n<p>[\/et_pb_text][et_pb_text module_id=\u00a0\u00bbN\u00a0\u00bb _builder_version=\u00a0\u00bb4.21.2&Prime; _module_preset=\u00a0\u00bbdefault\u00a0\u00bb global_colors_info=\u00a0\u00bb{}\u00a0\u00bb]<\/p>\n<h3 style=\"text-align: center;\"><strong>N<\/strong><\/h3>\n<p>[\/et_pb_text][et_pb_text _builder_version=\u00a0\u00bb4.21.2&Prime; _module_preset=\u00a0\u00bbdefault\u00a0\u00bb custom_padding=\u00a0\u00bb0px|||||\u00a0\u00bb global_colors_info=\u00a0\u00bb{}\u00a0\u00bb]<\/p>\n<p style=\"text-align: center;\"><a href=\"https:\/\/www.placelibertine.com\/blog\/glossaire\/nymphomane\/\"><strong>\u2192 Nymphomane<\/strong><\/a><\/p>\n<p><span style=\"font-weight: 400;\">Terme souvent galvaud\u00e9, on se plonge ici sur le sujet de la <strong>nymphomanie<\/strong> : un sujet s\u00e9rieux, que l\u2019on a d\u00e9cid\u00e9 d\u2019expliquer avec le plus de p\u00e9dagogie possible\u2026<\/span><\/p>\n<p>&nbsp;<\/p>\n<p>[\/et_pb_text][et_pb_text module_id=\u00a0\u00bbO\u00a0\u00bb _builder_version=\u00a0\u00bb4.23.2&Prime; _module_preset=\u00a0\u00bbdefault\u00a0\u00bb global_colors_info=\u00a0\u00bb{}\u00a0\u00bb]<\/p>\n<h3 style=\"text-align: center;\"><strong>O<\/strong><\/h3>\n<p>[\/et_pb_text][et_pb_text module_id=\u00a0\u00bbP\u00a0\u00bb _builder_version=\u00a0\u00bb4.23.2&Prime; _module_preset=\u00a0\u00bbdefault\u00a0\u00bb global_colors_info=\u00a0\u00bb{}\u00a0\u00bb]<\/p>\n<h3 style=\"text-align: center;\"><strong>P<\/strong><\/h3>\n<p>[\/et_pb_text][et_pb_text _builder_version=\u00a0\u00bb4.23.4&Prime; _module_preset=\u00a0\u00bbdefault\u00a0\u00bb global_colors_info=\u00a0\u00bb{}\u00a0\u00bb]<\/p>\n<p style=\"text-align: center;\"><a href=\"https:\/\/www.placelibertine.com\/blog\/glossaire\/partouze\/\"><strong>\u2192 Partouze<\/strong><\/a><\/p>\n<p><span style=\"font-weight: 400;\">Orgie, partie fine, sexe en groupe, \u2026 la <strong>partouze<\/strong> a bien des noms ! On vous dit tout sur cette pratique connue de tous, tr\u00e8s souvent fantasm\u00e9e, et vieille comme le monde\u2026<\/span><\/p>\n<p>&nbsp;<\/p>\n<p style=\"text-align: center;\"><strong>\u2192 <a href=\"https:\/\/www.placelibertine.com\/blog\/plug-anal\/\">Plug anal<\/a><\/strong><\/p>\n<p><span style=\"font-weight: 400;\">Petit accessoire tr\u00e8s utile pour pr\u00e9parer la sodomie, d\u00e9couvrez tout ce qu\u2019il faut savoir sur le <strong>plug anal<\/strong>, qui se d\u00e9mocratise de plus en plus\u2026<\/span><\/p>\n<p>&nbsp;<\/p>\n<p>[\/et_pb_text][et_pb_text module_id=\u00a0\u00bbQ\u00a0\u00bb _builder_version=\u00a0\u00bb4.23.2&Prime; _module_preset=\u00a0\u00bbdefault\u00a0\u00bb global_colors_info=\u00a0\u00bb{}\u00a0\u00bb]<\/p>\n<h3 style=\"text-align: center;\"><strong>Q<\/strong><\/h3>\n<p>[\/et_pb_text][et_pb_text _builder_version=\u00a0\u00bb4.23.1&Prime; _module_preset=\u00a0\u00bbdefault\u00a0\u00bb global_colors_info=\u00a0\u00bb{}\u00a0\u00bb]<\/p>\n<p style=\"text-align: center;\"><a href=\"https:\/\/www.placelibertine.com\/blog\/glossaire\/quickie\/\"><strong>\u2192 Quickie<\/strong><\/a><\/p>\n<p><span style=\"font-weight: 400;\">Vous avez tr\u00e8s envie de votre partenaire, mais vous n\u2019avez pas le temps ? D\u00e9couvrez le <strong>quickie<\/strong>, ou l\u2019art de faire l\u2019amour en quelques minutes, sans que ce soit frustrant\u2026 tout en \u00e9tant tr\u00e8s, tr\u00e8s excitant !<\/span><span style=\"font-weight: 400;\"><\/span><span style=\"font-weight: 400;\"><\/span><\/p>\n<p><span style=\"font-weight: 400;\">\u00a0<\/span><\/p>\n<p>[\/et_pb_text][et_pb_text module_id=\u00a0\u00bbR\u00a0\u00bb _builder_version=\u00a0\u00bb4.23.2&Prime; _module_preset=\u00a0\u00bbdefault\u00a0\u00bb global_colors_info=\u00a0\u00bb{}\u00a0\u00bb]<\/p>\n<h3 style=\"text-align: center;\"><strong>R<\/strong><\/h3>\n<p>[\/et_pb_text][et_pb_text module_id=\u00a0\u00bbS\u00a0\u00bb _builder_version=\u00a0\u00bb4.21.2&Prime; _module_preset=\u00a0\u00bbdefault\u00a0\u00bb global_colors_info=\u00a0\u00bb{}\u00a0\u00bb]<\/p>\n<h3 style=\"text-align: center;\"><strong>S<\/strong><\/h3>\n<p>[\/et_pb_text][et_pb_text _builder_version=\u00a0\u00bb4.23.2&Prime; _module_preset=\u00a0\u00bbdefault\u00a0\u00bb global_colors_info=\u00a0\u00bb{}\u00a0\u00bb]<\/p>\n<p style=\"text-align: center;\"><a href=\"https:\/\/www.placelibertine.com\/blog\/glossaire\/sexualite-vanille\/\"><strong>\u2192 Sexualit\u00e9 vanille<\/strong><\/a><\/p>\n<p><span style=\"font-weight: 400;\">Parce qu\u2019il faut un mot pour tout, on vous fait d\u00e9couvrir la <strong>sexualit\u00e9 vanille<\/strong>, qui d\u00e9signe plus ou moins le fait d\u2019avoir des rapports sexuels \u201cconventionnels\u201d&#8230; Entrez-vous dans cette case ? D\u00e9couvrez-le ici !<\/span><\/p>\n<p>&nbsp;<\/p>\n<p>[\/et_pb_text][et_pb_text module_id=\u00a0\u00bbT\u00a0\u00bb _builder_version=\u00a0\u00bb4.21.2&Prime; _module_preset=\u00a0\u00bbdefault\u00a0\u00bb global_colors_info=\u00a0\u00bb{}\u00a0\u00bb]<\/p>\n<h3 style=\"text-align: center;\"><strong>T<\/strong><\/h3>\n<p>[\/et_pb_text][et_pb_text _builder_version=\u00a0\u00bb4.23.1&Prime; _module_preset=\u00a0\u00bbdefault\u00a0\u00bb global_colors_info=\u00a0\u00bb{}\u00a0\u00bb]<\/p>\n<p style=\"text-align: center;\"><a href=\"https:\/\/www.placelibertine.com\/blog\/glossaire\/tribadisme\/\"><strong>\u2192 Tribadisme<\/strong><\/a><\/p>\n<p><span style=\"font-weight: 400;\">Pratique sexuelle auparavant associ\u00e9e aux lesbiennes, le <strong>tribadisme<\/strong> gagne en popularit\u00e9 aupr\u00e8s des couples homosexuels comme h\u00e9t\u00e9rosexuels : on vous dit tout sur la mani\u00e8re de le pratiquer, et on vous donne m\u00eame quelques conseils bien sentis\u2026<\/span><\/p>\n<p><span style=\"font-weight: 400;\">\u00a0<\/span><\/p>\n<p>[\/et_pb_text][et_pb_text module_id=\u00a0\u00bbU\u00a0\u00bb _builder_version=\u00a0\u00bb4.21.2&Prime; _module_preset=\u00a0\u00bbdefault\u00a0\u00bb global_colors_info=\u00a0\u00bb{}\u00a0\u00bb]<\/p>\n<h3 style=\"text-align: center;\"><strong>U<\/strong><\/h3>\n<p>[\/et_pb_text][et_pb_text module_id=\u00a0\u00bbV\u00a0\u00bb _builder_version=\u00a0\u00bb4.21.2&Prime; _module_preset=\u00a0\u00bbdefault\u00a0\u00bb global_colors_info=\u00a0\u00bb{}\u00a0\u00bb]<\/p>\n<h3 style=\"text-align: center;\"><strong>V<\/strong><\/h3>\n<p>[\/et_pb_text][et_pb_text module_id=\u00a0\u00bbW\u00a0\u00bb _builder_version=\u00a0\u00bb4.21.2&Prime; _module_preset=\u00a0\u00bbdefault\u00a0\u00bb global_colors_info=\u00a0\u00bb{}\u00a0\u00bb]<\/p>\n<h3 style=\"text-align: center;\"><strong>W<\/strong><\/h3>\n<p>[\/et_pb_text][et_pb_text module_id=\u00a0\u00bbX\u00a0\u00bb _builder_version=\u00a0\u00bb4.21.2&Prime; _module_preset=\u00a0\u00bbdefault\u00a0\u00bb global_colors_info=\u00a0\u00bb{}\u00a0\u00bb]<\/p>\n<h3 style=\"text-align: center;\"><strong>X<\/strong><\/h3>\n<p>[\/et_pb_text][et_pb_text module_id=\u00a0\u00bbY\u00a0\u00bb _builder_version=\u00a0\u00bb4.21.2&Prime; _module_preset=\u00a0\u00bbdefault\u00a0\u00bb global_colors_info=\u00a0\u00bb{}\u00a0\u00bb]<\/p>\n<h3 style=\"text-align: center;\"><strong>Y<\/strong><\/h3>\n<p>[\/et_pb_text][et_pb_text module_id=\u00a0\u00bbZ\u00a0\u00bb _builder_version=\u00a0\u00bb4.21.2&Prime; _module_preset=\u00a0\u00bbdefault\u00a0\u00bb global_colors_info=\u00a0\u00bb{}\u00a0\u00bb]<\/p>\n<h3 style=\"text-align: center;\"><strong>Z<\/strong><\/h3>\n<p>[\/et_pb_text][\/et_pb_column][\/et_pb_row][\/et_pb_section]<\/p>\n","protected":false},"excerpt":{"rendered":"<p>D\u00e9couvrez le glossaire du sexe, par Place Libertine ! Nous avons d\u00e9cid\u00e9 d&rsquo;expliquer chacun des termes pr\u00e9sents sur cette page : outre leur d\u00e9finition, vous deviendrez incollable sur chacun de ces sujets, et, parfois, on vous donnera m\u00eame quelques conseils qui devraient vous plaire&#8230; N&rsquo;h\u00e9sitez pas \u00e0 vous perdre parmi tous ces textes !Le glossaire [&hellip;]<\/p>\n","protected":false},"author":1,"featured_media":0,"parent":0,"menu_order":0,"comment_status":"closed","ping_status":"closed","template":"","meta":{"_seopress_robots_primary_cat":"","_seopress_titles_title":"Glossaire : d\u00e9finitions, pratiques sexuelles, conseils, ...","_seopress_titles_desc":"D\u00e9couvrez notre glossaire du sexe : vous y trouverez tout ce qu&#039;il faut savoir sur de nombreuses pratiques sexuelles, accessoires, sextoys, ","_seopress_robots_index":"","_et_pb_use_builder":"on","_et_pb_old_content":"","_et_gb_content_width":"","footnotes":""},"class_list":["post-381","page","type-page","status-publish","hentry"],"_links":{"self":[{"href":"https:\/\/www.placelibertine.com\/blog\/wp-json\/wp\/v2\/pages\/381","targetHints":{"allow":["GET"]}}],"collection":[{"href":"https:\/\/www.placelibertine.com\/blog\/wp-json\/wp\/v2\/pages"}],"about":[{"href":"https:\/\/www.placelibertine.com\/blog\/wp-json\/wp\/v2\/types\/page"}],"author":[{"embeddable":true,"href":"https:\/\/www.placelibertine.com\/blog\/wp-json\/wp\/v2\/users\/1"}],"replies":[{"embeddable":true,"href":"https:\/\/www.placelibertine.com\/blog\/wp-json\/wp\/v2\/comments?post=381"}],"version-history":[{"count":36,"href":"https:\/\/www.placelibertine.com\/blog\/wp-json\/wp\/v2\/pages\/381\/revisions"}],"predecessor-version":[{"id":755,"href":"https:\/\/www.placelibertine.com\/blog\/wp-json\/wp\/v2\/pages\/381\/revisions\/755"}],"wp:attachment":[{"href":"https:\/\/www.placelibertine.com\/blog\/wp-json\/wp\/v2\/media?parent=381"}],"curies":[{"name":"wp","href":"https:\/\/api.w.org\/{rel}","templated":true}]}}