{"id":441,"date":"2023-12-14T16:19:25","date_gmt":"2023-12-14T15:19:25","guid":{"rendered":"https:\/\/www.placelibertine.com\/blog\/?page_id=441"},"modified":"2023-12-14T16:19:26","modified_gmt":"2023-12-14T15:19:26","slug":"bukkake","status":"publish","type":"page","link":"https:\/\/www.placelibertine.com\/blog\/glossaire\/bukkake\/","title":{"rendered":"Bukkake"},"content":{"rendered":"<p>[et_pb_section fb_built=\u00a0\u00bb1&Prime; _builder_version=\u00a0\u00bb4.21.2&Prime; _module_preset=\u00a0\u00bbdefault\u00a0\u00bb locked=\u00a0\u00bboff\u00a0\u00bb global_colors_info=\u00a0\u00bb{}\u00a0\u00bb][et_pb_row _builder_version=\u00a0\u00bb4.21.2&Prime; _module_preset=\u00a0\u00bbdefault\u00a0\u00bb global_colors_info=\u00a0\u00bb{}\u00a0\u00bb][et_pb_column type=\u00a0\u00bb4_4&Prime; _builder_version=\u00a0\u00bb4.21.2&Prime; _module_preset=\u00a0\u00bbdefault\u00a0\u00bb global_colors_info=\u00a0\u00bb{}\u00a0\u00bb][et_pb_image src=\u00a0\u00bbhttps:\/\/www.placelibertine.com\/blog\/wp-content\/uploads\/2023\/12\/bukkake.jpg\u00a0\u00bb alt=\u00a0\u00bbBukkake\u00a0\u00bb title_text=\u00a0\u00bbbukkake\u00a0\u00bb _builder_version=\u00a0\u00bb4.21.2&Prime; _module_preset=\u00a0\u00bbdefault\u00a0\u00bb hover_enabled=\u00a0\u00bb0&Prime; global_colors_info=\u00a0\u00bb{}\u00a0\u00bb sticky_enabled=\u00a0\u00bb0&Prime;][\/et_pb_image][et_pb_text _builder_version=\u00a0\u00bb4.21.2&Prime; _module_preset=\u00a0\u00bbdefault\u00a0\u00bb hover_enabled=\u00a0\u00bb0&Prime; locked=\u00a0\u00bboff\u00a0\u00bb global_colors_info=\u00a0\u00bb{}\u00a0\u00bb sticky_enabled=\u00a0\u00bb0&Prime;]<\/p>\n<h2 style=\"text-align: center;\"><strong>Qu\u2019est-ce que le bukkake<\/strong><\/h2>\n<p>[\/et_pb_text][et_pb_divider color=\u00a0\u00bb#fd027e\u00a0\u00bb divider_weight=\u00a0\u00bb3px\u00a0\u00bb _builder_version=\u00a0\u00bb4.21.2&Prime; _module_preset=\u00a0\u00bbdefault\u00a0\u00bb width=\u00a0\u00bb30%\u00a0\u00bb module_alignment=\u00a0\u00bbcenter\u00a0\u00bb locked=\u00a0\u00bboff\u00a0\u00bb global_colors_info=\u00a0\u00bb{}\u00a0\u00bb][\/et_pb_divider][et_pb_text _builder_version=\u00a0\u00bb4.21.2&Prime; _module_preset=\u00a0\u00bbdefault\u00a0\u00bb hover_enabled=\u00a0\u00bb0&Prime; global_colors_info=\u00a0\u00bb{}\u00a0\u00bb sticky_enabled=\u00a0\u00bb0&Prime;]<\/p>\n<p><span style=\"font-weight: 400;\">On parle aujourd\u2019hui \u00e9jaculation, Japon et pratique sexuelle de groupe, avec le <strong>bukkake<\/strong> !<\/span><\/p>\n<p><span style=\"font-weight: 400;\">Le <strong>bukkake<\/strong> est <strong>un acte sexuel au cours duquel un groupe de personnes (g\u00e9n\u00e9ralement des hommes h\u00e9t\u00e9rosexuels) \u00e9jacule sur une seule personne (souvent une femme)<\/strong>.\u00a0<\/span><\/p>\n<p><span style=\"font-weight: 400;\">Ce terme vient d&rsquo;un mot <strong>japonais<\/strong> qui se traduit approximativement par \u00ab\u00a0l&rsquo;acte d&rsquo;\u00e9clabousser\u00a0\u00bb et qui fait r\u00e9f\u00e9rence \u00e0 un plat populaire de nouilles froides typique de ce pays\u2026 plut\u00f4t all\u00e9chant, non ?\u00a0<\/span><\/p>\n<p><span style=\"font-weight: 400;\">Dans la culture porno et le sexe hardocre, le bukkake est souvent li\u00e9 \u00e0 des actes tels que la double p\u00e9n\u00e9tration, la partouze ou le gangbang.\u00a0<\/span><\/p>\n<p><span style=\"font-weight: 400;\">Aujourd\u2019hui,<strong> le bukkake<\/strong> est tr\u00e8s connu par les amateurs de vid\u00e9os hot et de pratiques sexuelles hard partout dans le monde, et il est souvent pratiqu\u00e9 \u00e0 de diverses occasions (partouzes, soir\u00e9es libertines, \u2026).<\/span><\/p>\n<p><span style=\"font-weight: 400;\">D\u00e9couvrons-en un peu plus sur cette pratique sexuelle \u00e0 travers cet article\u2026<\/span><\/p>\n<p>[\/et_pb_text][et_pb_text _builder_version=\u00a0\u00bb4.21.2&Prime; _module_preset=\u00a0\u00bbdefault\u00a0\u00bb hover_enabled=\u00a0\u00bb0&Prime; global_colors_info=\u00a0\u00bb{}\u00a0\u00bb sticky_enabled=\u00a0\u00bb0&Prime;]<\/p>\n<h2 style=\"text-align: center;\"><strong>Une br\u00e8ve histoire du bukkake <\/strong><\/h2>\n<p>[\/et_pb_text][et_pb_divider color=\u00a0\u00bb#fd027e\u00a0\u00bb divider_weight=\u00a0\u00bb3px\u00a0\u00bb _builder_version=\u00a0\u00bb4.21.2&Prime; _module_preset=\u00a0\u00bbdefault\u00a0\u00bb width=\u00a0\u00bb30%\u00a0\u00bb module_alignment=\u00a0\u00bbcenter\u00a0\u00bb locked=\u00a0\u00bboff\u00a0\u00bb global_colors_info=\u00a0\u00bb{}\u00a0\u00bb][\/et_pb_divider][et_pb_text _builder_version=\u00a0\u00bb4.21.2&Prime; _module_preset=\u00a0\u00bbdefault\u00a0\u00bb hover_enabled=\u00a0\u00bb0&Prime; global_colors_info=\u00a0\u00bb{}\u00a0\u00bb sticky_enabled=\u00a0\u00bb0&Prime;]<\/p>\n<h3 style=\"text-align: center;\"><span style=\"font-weight: 400;\">Le bukkake, un rite de fertilit\u00e9 lors des mariages<\/span><\/h3>\n<p><span style=\"font-weight: 400;\"><\/span><\/p>\n<p><span style=\"font-weight: 400;\">Selon certains, au Japon, <strong>le bukkake \u00e9tait un ancien rituel de fertilit\u00e9 se d\u00e9roulant apr\u00e8s un mariage, afin de garantir une vie longue et prosp\u00e8re au couple<\/strong>. La mari\u00e9e \u00e9tait recouverte de sperme par tous les hommes pr\u00e9sents au mariage.\u00a0<\/span><\/p>\n<p><span style=\"font-weight: 400;\">De cette mani\u00e8re, ils honoraient la mari\u00e9e devenue une femme adulte, avec tous les droits et les devoirs qui d\u00e9coulent de ce nouveau statut.<\/span><\/p>\n<p><span style=\"font-weight: 400;\">On peut d\u2019ailleurs faire un parall\u00e8le entre la tradition japonaise du bukkake et la tradition occidentale du lancer de riz aux \u00e9poux : toutes deux repr\u00e9sentent un moment important de la c\u00e9l\u00e9bration du mariage et ont pour fonction de souhaiter aux mari\u00e9s bonheur et prosp\u00e9rit\u00e9.<\/span><\/p>\n<p><span style=\"font-weight: 400;\"><\/span><\/p>\n<h3 style=\"text-align: center;\"><span style=\"font-weight: 400;\">Le bukkake comme forme de punition pour l&rsquo;adult\u00e8re<\/span><\/h3>\n<p><span style=\"font-weight: 400;\"><\/span><\/p>\n<p><span style=\"font-weight: 400;\">Il existe \u00e9galement certaines preuves indiquant que <strong>le bukkake \u00e9tait une punition dans le Japon f\u00e9odal<\/strong>.\u00a0<\/span><\/p>\n<p><span style=\"font-weight: 400;\">En effet, <strong>une femme accus\u00e9e d&rsquo;adult\u00e8re \u00e9tait punie par un groupe d&rsquo;hommes qui lui \u00e9jaculaient au visage<\/strong>. Rien de l\u00e9gal l\u00e0-dedans : il s&rsquo;agissait plut\u00f4t d&rsquo;une tradition populaire pratiqu\u00e9e dans les villages recul\u00e9s.\u00a0<\/span><\/p>\n<p><span style=\"font-weight: 400;\">Ainsi, lorsqu\u2019un mari soup\u00e7onnait sa femme de lui avoir \u00e9t\u00e9 infid\u00e8le, il l&#8217;emmenait avec ses amis dans un endroit isol\u00e9. Ensuite, ils lui envoyaient tous leur sperme sur le visage et dans sa bouche ouverte.<\/span><\/p>\n<p><span style=\"font-weight: 400;\">Une forme de punition plut\u00f4t barbare, m\u00eame pour l\u2019\u00e9poque\u2026<\/span><\/p>\n<p><span style=\"font-weight: 400;\"><\/span><\/p>\n<h3 style=\"text-align: center;\"><span style=\"font-weight: 400;\">Le bukkake aujourd&rsquo;hui<\/span><\/h3>\n<p><span style=\"font-weight: 400;\"><\/span><\/p>\n<p><span style=\"font-weight: 400;\">Les bukkakes, comme de nombreuses autres pratiques sexuelles, sont montr\u00e9s dans <strong>beaucoup de vid\u00e9os pornos<\/strong>, dans lesquels plusieurs hommes \u00e9jaculent sur une femme (ou, dans certains cas, sur un autre homme).\u00a0<\/span><\/p>\n<p><span style=\"font-weight: 400;\">De nos jours, les vid\u00e9os autour du bukkake constituent un cr\u00e9neau relativement r\u00e9pandu sur les sites porno, qui viennent ais\u00e9ment se placer au milieu des facials, des \u00e9jaculations et des gokkun.\u00a0\u00a0<\/span><\/p>\n<p><span style=\"font-weight: 400;\">L<strong>e porno bukkake a commenc\u00e9 \u00e0 \u00e9merger au Japon dans les ann\u00e9es 1980<\/strong>, avant de se r\u00e9pandre en Am\u00e9rique du Nord et en Europe, et s&rsquo;est \u00e9galement \u00e9tendu \u00e0 la pornographie gay.<\/span><span style=\"font-weight: 400;\">Tr\u00e8s li\u00e9 \u00e0 la domination, le bukkake n\u2019est pas n\u00e9cessairement li\u00e9 \u00e0 l\u2019univers du <\/span><a href=\"https:\/\/www.placelibertine.com\/fr\/pratique-bdsm.html\"><span style=\"font-weight: 400;\">BDSM<\/span><\/a><span style=\"font-weight: 400;\">.<\/span><\/p>\n<p>[\/et_pb_text][et_pb_text _builder_version=\u00a0\u00bb4.21.2&Prime; _module_preset=\u00a0\u00bbdefault\u00a0\u00bb hover_enabled=\u00a0\u00bb0&Prime; global_colors_info=\u00a0\u00bb{}\u00a0\u00bb sticky_enabled=\u00a0\u00bb0&Prime;]<\/p>\n<h2 style=\"text-align: center;\"><strong>Les diff\u00e9rents types de Bukkake<\/strong><\/h2>\n<p>[\/et_pb_text][et_pb_divider color=\u00a0\u00bb#fd027e\u00a0\u00bb divider_weight=\u00a0\u00bb3px\u00a0\u00bb _builder_version=\u00a0\u00bb4.21.2&Prime; _module_preset=\u00a0\u00bbdefault\u00a0\u00bb width=\u00a0\u00bb30%\u00a0\u00bb module_alignment=\u00a0\u00bbcenter\u00a0\u00bb locked=\u00a0\u00bboff\u00a0\u00bb global_colors_info=\u00a0\u00bb{}\u00a0\u00bb][\/et_pb_divider][et_pb_image src=\u00a0\u00bbhttps:\/\/www.placelibertine.com\/blog\/wp-content\/uploads\/2023\/12\/banane-avec-sperme-qui-coule.jpg\u00a0\u00bb alt=\u00a0\u00bbBanane avec sperme qui coule\u00a0\u00bb title_text=\u00a0\u00bbbanane-avec-sperme-qui-coule\u00a0\u00bb align=\u00a0\u00bbcenter\u00a0\u00bb _builder_version=\u00a0\u00bb4.21.2&Prime; _module_preset=\u00a0\u00bbdefault\u00a0\u00bb module_alignment=\u00a0\u00bbcenter\u00a0\u00bb hover_enabled=\u00a0\u00bb0&Prime; global_colors_info=\u00a0\u00bb{}\u00a0\u00bb sticky_enabled=\u00a0\u00bb0&Prime;][\/et_pb_image][et_pb_text _builder_version=\u00a0\u00bb4.21.2&Prime; _module_preset=\u00a0\u00bbdefault\u00a0\u00bb hover_enabled=\u00a0\u00bb0&Prime; global_colors_info=\u00a0\u00bb{}\u00a0\u00bb sticky_enabled=\u00a0\u00bb0&Prime;]<\/p>\n<h3 style=\"text-align: center;\"><span style=\"font-weight: 400;\">Le bukkake entre hommes et femmes<\/span><\/h3>\n<p><span style=\"font-weight: 400;\"><\/span><\/p>\n<p><span style=\"font-weight: 400;\"><strong>Le bukkake entre hommes et femmes est le plus r\u00e9pandu<\/strong> : ici, plusieurs hommes (au moins 4 ou 5 et parfois beaucoup plus) \u00e9jaculent sur la femme.\u00a0<\/span><\/p>\n<p><span style=\"font-weight: 400;\"><strong>Il peut \u00eatre pr\u00e9c\u00e9d\u00e9 d&rsquo;un gangbang<\/strong> durant lequel ces m\u00eames hommes s\u2019occupent de faire l\u2019amour avec la femme, ou d&rsquo;un \u201cblowbang\u201d o\u00f9 la femme offre de g\u00e9n\u00e9reuses fellations \u00e0 l\u2019ensemble de la foule d&rsquo;hommes affam\u00e9s, finissant par \u00eatre couverte de sperme par ces messieurs.\u00a0<\/span><\/p>\n<p><span style=\"font-weight: 400;\">Il existe \u00e9galement une autre variante, o\u00f9 la femme n&rsquo;est pas vraiment impliqu\u00e9e et ne fait que recevoir, et o\u00f9 les hommes se masturbent en cercle autour d&rsquo;elle jusqu\u2019\u00e0 l\u2019\u00e9jaculation.<\/span><\/p>\n<p>&nbsp;<\/p>\n<h3 style=\"text-align: center;\"><span style=\"font-weight: 400;\">Le bukkake entre hommes<\/span><\/h3>\n<p>&nbsp;<\/p>\n<p><span style=\"font-weight: 400;\">\u00c9videmment, en parall\u00e8le de la forme h\u00e9t\u00e9rosexuelle du bukkake, il en existe <strong>une variante homosexuelle<\/strong>. Ici, de la m\u00eame mani\u00e8re, le bukkake intervient souvent apr\u00e8s un gangbang, un blowbang ou juste en \u00e9jaculant sur la ou les personnes qui attendent de se faire asperger de semence.<\/span><\/p>\n<p><span style=\"font-weight: 400;\">N\u00e9anmoins,<strong> la pratique du bukkake entre hommes demeure bien moins r\u00e9pandue que celle entre h\u00e9t\u00e9rosexuels<\/strong>.<\/span><\/p>\n<p><span style=\"font-weight: 400;\">Par ailleurs, il existe certainement une variante de bukkake de femmes sur un homme, ou de femmes entre elles, o\u00f9 ce n&rsquo;est pas le sperme mais la mouille f\u00e9minine qui recouvre le participant.<\/span><\/p>\n<p><span style=\"font-weight: 400;\">Cela dit, si elle existe, cette derni\u00e8re pratique reste extr\u00eamement peu r\u00e9pandue !<\/span><\/p>\n<p><span style=\"font-weight: 400;\"><\/span><\/p>\n<h3 style=\"text-align: center;\"><span style=\"font-weight: 400;\">Le gokkun<\/span><\/h3>\n<p><span style=\"font-weight: 400;\"><\/span><\/p>\n<p><span style=\"font-weight: 400;\">Comment parler de bukkake sans parler de <\/span><strong><a href=\"https:\/\/www.placelibertine.com\/blog\/glossaire\/gokkun\" title=\"Gokkun\">gokkun<\/a><\/strong><span style=\"font-weight: 400;\"> ?<\/span><\/p>\n<p><span style=\"font-weight: 400;\">Le gokkun, c\u2019est un autre terme japonais qui d\u00e9signe une pratique sexuelle dans laquelle <strong>une femme (ou un homme) doit <\/strong><\/span><strong><a href=\"https:\/\/www.placelibertine.com\/blog\/avaler-le-sperme\/\">avaler le sperme<\/a> de plusieurs hommes, souvent dans un r\u00e9cipient (bol, verre, \u2026).\u00a0<\/strong><\/p>\n<p><span style=\"font-weight: 400;\">Le concept du gokkun est donc <strong>assez similaire \u00e0 celui du bukkake,<\/strong> sauf que le sperme est mis dans un r\u00e9cipient pour que la femme le consomme en guise de grand final !\u00a0<\/span><\/p>\n<p><span style=\"font-weight: 400;\">Il s&rsquo;agit l\u00e0 d&rsquo;une variante assez courante du Bukkake, tr\u00e8s pr\u00e9sente dans les vid\u00e9os porno, bien que moins pratiqu\u00e9e dans la communaut\u00e9 \u00e9changiste.<\/span><\/p>\n<p>[\/et_pb_text][et_pb_text _builder_version=\u00a0\u00bb4.21.2&Prime; _module_preset=\u00a0\u00bbdefault\u00a0\u00bb hover_enabled=\u00a0\u00bb0&Prime; locked=\u00a0\u00bboff\u00a0\u00bb global_colors_info=\u00a0\u00bb{}\u00a0\u00bb sticky_enabled=\u00a0\u00bb0&Prime;]<\/p>\n<h2 style=\"text-align: center;\"><strong>Comment participer \u00e0 un Bukkake ?<\/strong><\/h2>\n<p>[\/et_pb_text][et_pb_divider color=\u00a0\u00bb#fd027e\u00a0\u00bb divider_weight=\u00a0\u00bb3px\u00a0\u00bb _builder_version=\u00a0\u00bb4.21.2&Prime; _module_preset=\u00a0\u00bbdefault\u00a0\u00bb width=\u00a0\u00bb30%\u00a0\u00bb module_alignment=\u00a0\u00bbcenter\u00a0\u00bb locked=\u00a0\u00bboff\u00a0\u00bb global_colors_info=\u00a0\u00bb{}\u00a0\u00bb][\/et_pb_divider][et_pb_text _builder_version=\u00a0\u00bb4.21.2&Prime; _module_preset=\u00a0\u00bbdefault\u00a0\u00bb hover_enabled=\u00a0\u00bb0&Prime; global_colors_info=\u00a0\u00bb{}\u00a0\u00bb sticky_enabled=\u00a0\u00bb0&Prime;]<\/p>\n<p><span style=\"font-weight: 400;\">Le meilleur moyen de participer facilement \u00e0 un bukkake, c\u2019est de <strong>vous orienter vers les <\/strong><\/span><strong><a href=\"https:\/\/www.placelibertine.com\/fr\/rencontre-libertine-france.html\">clubs libertins<\/a><\/strong><span style=\"font-weight: 400;\"><strong> proches de vous<\/strong> !\u00a0<\/span><\/p>\n<p><span style=\"font-weight: 400;\">O\u00f9 que vous soyez, il existe forc\u00e9ment un club \u00e9changiste ou libertin \u00e0 quelques minutes ou \u00e0 quelques kilom\u00e8tres de votre maison. N\u2019h\u00e9sitez pas \u00e0 consulter leurs sites et leurs r\u00e9seaux sociaux, o\u00f9 ces \u00e9tablissements communiquent grandement sur leurs soir\u00e9es et \u00e9v\u00e9nements \u00e0 venir.<\/span><\/p>\n<p><span style=\"font-weight: 400;\">Sinon, <strong>pourquoi ne pas les contacter directement, pour savoir si un bukkake est pr\u00e9vu<\/strong> ?<\/span><\/p>\n<p><span style=\"font-weight: 400;\">Vous pouvez \u00e9galement vous rapprocher d\u2019autres libertins et amoureux de pratiques sexuelles plus hard avec Internet. <strong>Sur notre site, vous trouverez l\u2019une des plus grandes communaut\u00e9s libertines de France<\/strong>, et n\u2019aurez aucun mal \u00e0 rencontrer d\u2019autres adeptes de bukkake, afin de partager vos adresses, ou d\u2019organiser une soir\u00e9e\u2026<\/span><\/p>\n<p>[\/et_pb_text][et_pb_button button_url=\u00a0\u00bbhttps:\/\/www.placelibertine.com\/fr\/\u00a0\u00bb button_text=\u00a0\u00bbCliquez ici pour vous inscrire sur Place Libertine !\u00a0\u00bb button_alignment=\u00a0\u00bbcenter\u00a0\u00bb _builder_version=\u00a0\u00bb4.21.2&Prime; _module_preset=\u00a0\u00bbdefault\u00a0\u00bb custom_button=\u00a0\u00bbon\u00a0\u00bb button_text_size=\u00a0\u00bb22px\u00a0\u00bb button_text_color=\u00a0\u00bb#fd027e\u00a0\u00bb button_bg_color=\u00a0\u00bb#000000&Prime; button_border_width=\u00a0\u00bb3px\u00a0\u00bb button_border_color=\u00a0\u00bb#fd027e\u00a0\u00bb button_border_radius=\u00a0\u00bb20px\u00a0\u00bb button_font=\u00a0\u00bb|600|||||||\u00a0\u00bb button_icon=\u00a0\u00bb&#x39;||divi||400&Prime; button_icon_color=\u00a0\u00bb#fd027e\u00a0\u00bb button_icon_placement=\u00a0\u00bbleft\u00a0\u00bb button_on_hover=\u00a0\u00bboff\u00a0\u00bb animation_style=\u00a0\u00bbbounce\u00a0\u00bb global_colors_info=\u00a0\u00bb{}\u00a0\u00bb button_text_color__hover_enabled=\u00a0\u00bbon|desktop\u00a0\u00bb button_text_color__hover=\u00a0\u00bb#000000&Prime; button_bg_color__hover_enabled=\u00a0\u00bbon|desktop\u00a0\u00bb button_icon_color__hover_enabled=\u00a0\u00bbon|hover\u00a0\u00bb button_icon_color__hover=\u00a0\u00bb#000000&Prime; button_border_color__hover_enabled=\u00a0\u00bbon|desktop\u00a0\u00bb button_border_color__hover=\u00a0\u00bb#000000&Prime; button_bg_color__hover=\u00a0\u00bb#fd027e\u00a0\u00bb button_bg_enable_color__hover=\u00a0\u00bbon\u00a0\u00bb theme_builder_area=\u00a0\u00bbpost_content\u00a0\u00bb][\/et_pb_button][et_pb_text _builder_version=\u00a0\u00bb4.21.2&Prime; _module_preset=\u00a0\u00bbdefault\u00a0\u00bb hover_enabled=\u00a0\u00bb0&Prime; global_colors_info=\u00a0\u00bb{}\u00a0\u00bb sticky_enabled=\u00a0\u00bb0&Prime;]<\/p>\n<h2 style=\"text-align: center;\"><strong>Quelques conseils pour votre premier bukkake<\/strong><\/h2>\n<p>[\/et_pb_text][et_pb_divider color=\u00a0\u00bb#fd027e\u00a0\u00bb divider_weight=\u00a0\u00bb3px\u00a0\u00bb _builder_version=\u00a0\u00bb4.21.2&Prime; _module_preset=\u00a0\u00bbdefault\u00a0\u00bb width=\u00a0\u00bb30%\u00a0\u00bb module_alignment=\u00a0\u00bbcenter\u00a0\u00bb locked=\u00a0\u00bboff\u00a0\u00bb global_colors_info=\u00a0\u00bb{}\u00a0\u00bb][\/et_pb_divider][et_pb_image src=\u00a0\u00bbhttps:\/\/www.placelibertine.com\/blog\/wp-content\/uploads\/2023\/12\/banane-qui-sort-d-un-pantalon.jpg\u00a0\u00bb alt=\u00a0\u00bbBanane qui sort d&rsquo;un pantalon\u00a0\u00bb title_text=\u00a0\u00bbbanane-qui-sort-d-un-pantalon\u00a0\u00bb _builder_version=\u00a0\u00bb4.21.2&Prime; _module_preset=\u00a0\u00bbdefault\u00a0\u00bb hover_enabled=\u00a0\u00bb0&Prime; global_colors_info=\u00a0\u00bb{}\u00a0\u00bb sticky_enabled=\u00a0\u00bb0&Prime;][\/et_pb_image][et_pb_text _builder_version=\u00a0\u00bb4.21.2&Prime; _module_preset=\u00a0\u00bbdefault\u00a0\u00bb hover_enabled=\u00a0\u00bb0&Prime; global_colors_info=\u00a0\u00bb{}\u00a0\u00bb sticky_enabled=\u00a0\u00bb0&Prime;]<\/p>\n<p><span style=\"font-weight: 400;\"><strong>Les fronti\u00e8res et les limites<\/strong> sont une partie importante de toute pratique sexuelle libertine et \u00e9changiste nouvelle. Pour fixer vos limites et mieux appr\u00e9hender le bukkake, voici quelques conseils :\u00a0<\/span><\/p>\n<ul>\n<li style=\"font-weight: 400;\" aria-level=\"1\"><span style=\"font-weight: 400;\">Pour davantage de s\u00e9curit\u00e9, assurez-vous dans la mesure du possible que <strong>tout le monde soit test\u00e9 pour les IST au pr\u00e9alable<\/strong>. Vous \u00eates sur le point d&rsquo;\u00eatre recouvert(e) du sperme de nombreux hommes, mieux vaut prendre vos pr\u00e9cautions ! ;<\/span>\u00a0<\/li>\n<li style=\"font-weight: 400;\" aria-level=\"1\"><span style=\"font-weight: 400;\">Demandez-vous si vous souhaitez <strong>participer<\/strong> (c\u2019est-\u00e0-dire branler ou sucer les hommes qui vous entourent) ou si vous souhaitez <strong>juste recevoir le sperme<\/strong> sur vous ;<\/span>\u00a0<\/li>\n<li style=\"font-weight: 400;\" aria-level=\"1\"><span style=\"font-weight: 400;\">Essayez de savoir <strong>combien d\u2019hommes seront pr\u00e9sents<\/strong> : il est diff\u00e9rent de regarder 4 ou 5 hommes se masturber et \u00e9jaculer que d\u2019en avoir une soixantaine autour de vous. Commencez petit ! ;<\/span>\u00a0<\/li>\n<\/ul>\n<p><span style=\"font-weight: 400;\">Avec ces 3 conseils, vous devriez pouvoir vivre les choses un peu plus sereinement.\u00a0<\/span><\/p>\n<p><span style=\"font-weight: 400;\">N\u2019oubliez jamais : si vous ne vous sentez pas pr\u00eat(e), m\u00eame au tout dernier moment, n\u2019h\u00e9sitez pas \u00e0 faire machine arri\u00e8re. Le but premier de cette pratique est le plaisir de tous\u2026 et toutes !<\/span><\/p>\n<p>[\/et_pb_text][et_pb_text _builder_version=\u00a0\u00bb4.21.2&Prime; _module_preset=\u00a0\u00bbdefault\u00a0\u00bb hover_enabled=\u00a0\u00bb0&Prime; global_colors_info=\u00a0\u00bb{}\u00a0\u00bb sticky_enabled=\u00a0\u00bb0&Prime;]<\/p>\n<h2 style=\"text-align: center;\"><strong>Questions fr\u00e9quemment pos\u00e9es sur le bukkake<\/strong><\/h2>\n<p>[\/et_pb_text][et_pb_divider color=\u00a0\u00bb#fd027e\u00a0\u00bb divider_weight=\u00a0\u00bb3px\u00a0\u00bb _builder_version=\u00a0\u00bb4.21.2&Prime; _module_preset=\u00a0\u00bbdefault\u00a0\u00bb width=\u00a0\u00bb30%\u00a0\u00bb module_alignment=\u00a0\u00bbcenter\u00a0\u00bb global_colors_info=\u00a0\u00bb{}\u00a0\u00bb][\/et_pb_divider][et_pb_accordion _builder_version=\u00a0\u00bb4.21.2&Prime; _module_preset=\u00a0\u00bbdefault\u00a0\u00bb hover_enabled=\u00a0\u00bb0&Prime; sticky_enabled=\u00a0\u00bb0&Prime;][et_pb_accordion_item title=\u00a0\u00bbLe bukkake existe-t-il en dehors du porno ?\u00a0\u00bb _builder_version=\u00a0\u00bb4.21.2&Prime; _module_preset=\u00a0\u00bbdefault\u00a0\u00bb open=\u00a0\u00bbon\u00a0\u00bb title__hover_enabled=\u00a0\u00bbon|desktop\u00a0\u00bb hover_enabled=\u00a0\u00bb0&Prime; sticky_enabled=\u00a0\u00bb0&Prime; title__hover=\u00a0\u00bbLe bukkake existe-t-il en dehors du porno ?\u00a0\u00bb]<\/p>\n<p><span style=\"font-weight: 400;\">Bien s\u00fbr !<\/span><\/p>\n<p><span style=\"font-weight: 400;\">Cette pratique sexuelle compte d<strong>e nombreux adeptes en France comme un peu partout dans le monde<\/strong>. Ainsi, certains clubs \u00e9changistes offrent la possibilit\u00e9 de vivre l\u2019exp\u00e9rience du bukkake, qui peut par exemple avoir lieu suite \u00e0 un gangbang, une <a href=\"https:\/\/www.placelibertine.com\/fr\/pratique-orgie.html\">orgie<\/a> ou une partouze.<\/span><\/p>\n<p>[\/et_pb_accordion_item][et_pb_accordion_item title=\u00a0\u00bbComment discuter de votre envie de bukkake avec votre partenaire ?\u00a0\u00bb _builder_version=\u00a0\u00bb4.21.2&Prime; _module_preset=\u00a0\u00bbdefault\u00a0\u00bb open=\u00a0\u00bboff\u00a0\u00bb hover_enabled=\u00a0\u00bb0&Prime; sticky_enabled=\u00a0\u00bb0&Prime;]<\/p>\n<p><span style=\"font-weight: 400;\">Comme toujours, <strong>il peut \u00eatre assez complexe de discuter de certains fantasmes avec son partenaire.<\/strong> En mati\u00e8re de bukkake, cette r\u00e8gle s\u2019applique \u00e9galement : que vous soyez \u201cl\u2019arroseur ou l\u2019arros\u00e9(e)\u201d, mieux vaut faire preuve de tact et <strong>d\u2019ouverture d\u2019esprit<\/strong> !<\/span><\/p>\n<p><span style=\"font-weight: 400;\"><strong>L\u2019important, ici, est d\u2019en parler ouvertement, et de savoir expliquer pourquoi vous souhaitez sauter le pas avec l\u2019autre<\/strong> : il ne faut pas h\u00e9siter \u00e0 manifester votre amour et votre attachement \u00e0 votre partenaire, et que la raison de votre fantasme n\u2019a rien \u00e0 voir avec la tromperie.<\/span><\/p>\n<p><span style=\"font-weight: 400;\">Mettez aussi en avant la <strong>confiance<\/strong> que vous avez en lui ou en elle : vous n\u2019auriez pas pu demander cela \u00e0 n\u2019importe quel de vos exs !<\/span><\/p>\n<p>&nbsp;<\/p>\n<p><span style=\"font-weight: 400;\">Enfin, pensez \u00e0 bien poser les choses, \u00e0 en parler \u00e0 t\u00eate repos\u00e9e et \u00e0 choisir votre moment.<\/span><\/p>\n<p>&nbsp;<\/p>\n<p><span style=\"font-weight: 400;\">Tout va bien se passer !<\/span><\/p>\n<p>[\/et_pb_accordion_item][et_pb_accordion_item title=\u00a0\u00bbFaut-il avaler ou non durant le bukkake ?\u00a0\u00bb _builder_version=\u00a0\u00bb4.21.2&Prime; _module_preset=\u00a0\u00bbdefault\u00a0\u00bb hover_enabled=\u00a0\u00bb0&Prime; sticky_enabled=\u00a0\u00bb0&Prime;]<\/p>\n<p><span style=\"font-weight: 400;\">On ne le dira jamais assez, <strong>avant d\u2019avaler quoi que ce soit, assurez-vous que tout le monde est test\u00e9 pour les IST au pr\u00e9alable.<\/strong>\u00a0<\/span><\/p>\n<p><span style=\"font-weight: 400;\">Au-del\u00e0 de \u00e7a, <strong>vous avez carte blanche<\/strong> : si vous vous sentez capable d\u2019avaler le sperme des hommes autour de vous, faites-vous plaisir ; si vous souhaitez qu\u2019ils \u00e9jaculent sur vous (ou m\u00eame \u00e0 c\u00f4t\u00e9 de vous), \u00e7a fonctionne \u00e9galement !<\/span><\/p>\n<p><span style=\"font-weight: 400;\">Rappelez-vous : cette pratique sexuelle vise \u00e0 vous donner du <strong>plaisir<\/strong>. N\u2019oubliez surtout pas \u00e7a !<\/span><\/p>\n<p>[\/et_pb_accordion_item][\/et_pb_accordion][\/et_pb_column][\/et_pb_row][\/et_pb_section]<\/p>\n","protected":false},"excerpt":{"rendered":"<p>Qu\u2019est-ce que le bukkakeOn parle aujourd\u2019hui \u00e9jaculation, Japon et pratique sexuelle de groupe, avec le bukkake ! Le bukkake est un acte sexuel au cours duquel un groupe de personnes (g\u00e9n\u00e9ralement des hommes h\u00e9t\u00e9rosexuels) \u00e9jacule sur une seule personne (souvent une femme).\u00a0 Ce terme vient d&rsquo;un mot japonais qui se traduit approximativement par \u00ab\u00a0l&rsquo;acte d&rsquo;\u00e9clabousser\u00a0\u00bb [&hellip;]<\/p>\n","protected":false},"author":1,"featured_media":0,"parent":381,"menu_order":0,"comment_status":"closed","ping_status":"closed","template":"","meta":{"_seopress_robots_primary_cat":"","_seopress_titles_title":"Bukakke - D\u00e9finition, conseils, tout ce qu&#039;il faut savoir","_seopress_titles_desc":"D\u00e9couvrez tout ce qu&#039;il faut savoir sur le bukkake : de ses origines \u00e0 sa popularit\u00e9 dans le monde du porno, on vous dit tout sur cette pratique","_seopress_robots_index":"","_et_pb_use_builder":"on","_et_pb_old_content":"","_et_gb_content_width":"","footnotes":""},"class_list":["post-441","page","type-page","status-publish","hentry"],"_links":{"self":[{"href":"https:\/\/www.placelibertine.com\/blog\/wp-json\/wp\/v2\/pages\/441","targetHints":{"allow":["GET"]}}],"collection":[{"href":"https:\/\/www.placelibertine.com\/blog\/wp-json\/wp\/v2\/pages"}],"about":[{"href":"https:\/\/www.placelibertine.com\/blog\/wp-json\/wp\/v2\/types\/page"}],"author":[{"embeddable":true,"href":"https:\/\/www.placelibertine.com\/blog\/wp-json\/wp\/v2\/users\/1"}],"replies":[{"embeddable":true,"href":"https:\/\/www.placelibertine.com\/blog\/wp-json\/wp\/v2\/comments?post=441"}],"version-history":[{"count":3,"href":"https:\/\/www.placelibertine.com\/blog\/wp-json\/wp\/v2\/pages\/441\/revisions"}],"predecessor-version":[{"id":451,"href":"https:\/\/www.placelibertine.com\/blog\/wp-json\/wp\/v2\/pages\/441\/revisions\/451"}],"up":[{"embeddable":true,"href":"https:\/\/www.placelibertine.com\/blog\/wp-json\/wp\/v2\/pages\/381"}],"wp:attachment":[{"href":"https:\/\/www.placelibertine.com\/blog\/wp-json\/wp\/v2\/media?parent=441"}],"curies":[{"name":"wp","href":"https:\/\/api.w.org\/{rel}","templated":true}]}}