{"id":563,"date":"2023-12-19T17:13:56","date_gmt":"2023-12-19T16:13:56","guid":{"rendered":"https:\/\/www.placelibertine.com\/blog\/?page_id=563"},"modified":"2023-12-19T17:29:00","modified_gmt":"2023-12-19T16:29:00","slug":"godemichet","status":"publish","type":"page","link":"https:\/\/www.placelibertine.com\/blog\/glossaire\/godemichet\/","title":{"rendered":"Godemichet"},"content":{"rendered":"<p>[et_pb_section fb_built=\u00a0\u00bb1&Prime; _builder_version=\u00a0\u00bb4.21.2&Prime; _module_preset=\u00a0\u00bbdefault\u00a0\u00bb locked=\u00a0\u00bboff\u00a0\u00bb global_colors_info=\u00a0\u00bb{}\u00a0\u00bb][et_pb_row _builder_version=\u00a0\u00bb4.21.2&Prime; _module_preset=\u00a0\u00bbdefault\u00a0\u00bb global_colors_info=\u00a0\u00bb{}\u00a0\u00bb][et_pb_column type=\u00a0\u00bb4_4&Prime; _builder_version=\u00a0\u00bb4.21.2&Prime; _module_preset=\u00a0\u00bbdefault\u00a0\u00bb global_colors_info=\u00a0\u00bb{}\u00a0\u00bb][et_pb_image src=\u00a0\u00bbhttps:\/\/www.placelibertine.com\/blog\/wp-content\/uploads\/2023\/12\/godemichet.jpg\u00a0\u00bb alt=\u00a0\u00bbGodemichet\u00a0\u00bb title_text=\u00a0\u00bbgodemichet\u00a0\u00bb _builder_version=\u00a0\u00bb4.21.2&Prime; _module_preset=\u00a0\u00bbdefault\u00a0\u00bb global_colors_info=\u00a0\u00bb{}\u00a0\u00bb][\/et_pb_image][et_pb_text _builder_version=\u00a0\u00bb4.21.2&Prime; _module_preset=\u00a0\u00bbdefault\u00a0\u00bb locked=\u00a0\u00bboff\u00a0\u00bb global_colors_info=\u00a0\u00bb{}\u00a0\u00bb]<\/p>\n<h2 style=\"text-align: center;\"><strong>Qu&rsquo;est-ce qu&rsquo;un godemich\u00e9 ?<\/strong><\/h2>\n<p>[\/et_pb_text][et_pb_divider color=\u00a0\u00bb#fd027e\u00a0\u00bb divider_weight=\u00a0\u00bb3px\u00a0\u00bb _builder_version=\u00a0\u00bb4.21.2&Prime; _module_preset=\u00a0\u00bbdefault\u00a0\u00bb width=\u00a0\u00bb30%\u00a0\u00bb module_alignment=\u00a0\u00bbcenter\u00a0\u00bb locked=\u00a0\u00bboff\u00a0\u00bb global_colors_info=\u00a0\u00bb{}\u00a0\u00bb][\/et_pb_divider][et_pb_text _builder_version=\u00a0\u00bb4.21.2&Prime; _module_preset=\u00a0\u00bbdefault\u00a0\u00bb global_colors_info=\u00a0\u00bb{}\u00a0\u00bb]<\/p>\n<p><span style=\"font-weight: 400;\"><strong>Gode, godemichet (parfois \u00e9crit \u201cgodemich\u00e9\u201d), dildo<\/strong>, \u2026 voil\u00e0 bien des appellations pour un sextoy qui n\u2019a jamais \u00e9t\u00e9 populaire aupr\u00e8s de la gent f\u00e9minine\u2026 mais aussi aupr\u00e8s des hommes !\u00a0<\/span><\/p>\n<p><span style=\"font-weight: 400;\">Alors, qu&rsquo;est-ce qu&rsquo;un gode ? Eh bien, <strong>un godemich\u00e9 est un jouet sexuel qui a g\u00e9n\u00e9ralement la forme d&rsquo;un p\u00e9nis en \u00e9rection, et qui est con\u00e7u pour la p\u00e9n\u00e9tration vaginale ou anale<\/strong>. On \u00e9crit \u201cg\u00e9n\u00e9ralement\u201d, car il arrive que certains ne ressemblent pas exactement \u00e0 un p\u00e9nis !\u00a0<\/span><\/p>\n<p><span style=\"font-weight: 400;\">Les godemich\u00e9s existent dans un arc-en-ciel de couleurs et dans une grande vari\u00e9t\u00e9 de formes, de textures et de styles.\u00a0<\/span><\/p>\n<p><span style=\"font-weight: 400;\">Si certains hommes et certaines femmes pr\u00e9f\u00e8rent utiliser un <strong>gode<\/strong> dont la couleur, la forme et la texture ressemblent totalement \u00e0 celles d&rsquo;un vrai p\u00e9nis, d&rsquo;autres pr\u00e9f\u00e8rent quelque chose de (tr\u00e8s) diff\u00e9rent, qui peut par exemple \u00eatre un gode rose fluo, ou un gode qui produit de la lumi\u00e8re !\u00a0<\/span><\/p>\n<p><span style=\"font-weight: 400;\">Les <strong>godemichets<\/strong> peuvent \u00eatre fabriqu\u00e9s \u00e0 partir de divers mat\u00e9riaux. On pense par exemple au plastique, au caoutchouc, au latex ou encore au silicone, qui sont les mat\u00e9riaux les plus populaires pour la fabrication de <strong>godemich\u00e9s<\/strong>.\u00a0<\/span><\/p>\n<p><span style=\"font-weight: 400;\">Ainsi donc, les <strong>godes<\/strong> peuvent \u00eatre utilis\u00e9s par des personnes de tous sexes et de toutes les orientations sexuelles. Les godes peuvent \u00eatre utilis\u00e9s seuls ou avec un partenaire, et vous pouvez vous en servir <strong>pour vous masturber ou pour pimenter vos \u00e9bats sexuels\u2026<\/strong><\/span><\/p>\n<p>[\/et_pb_text][et_pb_text _builder_version=\u00a0\u00bb4.21.2&Prime; _module_preset=\u00a0\u00bbdefault\u00a0\u00bb global_colors_info=\u00a0\u00bb{}\u00a0\u00bb]<\/p>\n<h2 style=\"text-align: center;\"><strong>Godemichets et vibromasseurs : deux accessoires bien diff\u00e9rents !\u00a0 <\/strong><\/h2>\n<p>[\/et_pb_text][et_pb_divider color=\u00a0\u00bb#fd027e\u00a0\u00bb divider_weight=\u00a0\u00bb3px\u00a0\u00bb _builder_version=\u00a0\u00bb4.21.2&Prime; _module_preset=\u00a0\u00bbdefault\u00a0\u00bb width=\u00a0\u00bb30%\u00a0\u00bb module_alignment=\u00a0\u00bbcenter\u00a0\u00bb locked=\u00a0\u00bboff\u00a0\u00bb global_colors_info=\u00a0\u00bb{}\u00a0\u00bb][\/et_pb_divider][et_pb_text _builder_version=\u00a0\u00bb4.21.2&Prime; _module_preset=\u00a0\u00bbdefault\u00a0\u00bb global_colors_info=\u00a0\u00bb{}\u00a0\u00bb]<\/p>\n<p><span style=\"font-weight: 400;\">On a souvent tendance \u00e0 <strong>confondre le godemichet avec le vibromasseur<\/strong> : il s\u2019agit l\u00e0 des deux principaux sextoys qu\u2019on retrouve dans les tables de nuit, mais ne sont pas identiques pour autant !<\/span><\/p>\n<p><span style=\"font-weight: 400;\">En effet, <strong>les vibromasseurs vibrent et cr\u00e9ent une sensation diff\u00e9rente<\/strong>. Ceux-ci fonctionnent avec des piles ou \u00e0 l&rsquo;\u00e9lectricit\u00e9. Ce sont plut\u00f4t des accessoires modernes : ils n\u2019existent que depuis quelques d\u00e9cennies !<\/span><\/p>\n<p><span style=\"font-weight: 400;\"><strong>Les godemichets, quant \u00e0 eux, ne fonctionnent pas \u00e0 l&rsquo;\u00e9lectricit\u00e9<\/strong> ; les sensations cr\u00e9\u00e9es par l&rsquo;utilisation d&rsquo;un godemich\u00e9 proviennent donc de l&rsquo;insertion et du mouvement manuel que l\u2019on effectue quand on utilise ce petit (ou ce gros) jouet.<\/span><\/p>\n<p><span style=\"font-weight: 400;\">Enin, les godes existent depuis fort longtemps : on trouve des traces de ces jouets dans l\u2019Antiquit\u00e9 ! Il faut croire que, d\u00e9j\u00e0 \u00e0 cette \u00e9poque, on savait s\u2019amuser\u2026<\/span><\/p>\n<p>[\/et_pb_text][et_pb_text _builder_version=\u00a0\u00bb4.21.2&Prime; _module_preset=\u00a0\u00bbdefault\u00a0\u00bb global_colors_info=\u00a0\u00bb{}\u00a0\u00bb]<\/p>\n<h2 style=\"text-align: center;\"><strong>Comment les godemichets sont-ils utilis\u00e9s ? <\/strong><\/h2>\n<p>[\/et_pb_text][et_pb_divider color=\u00a0\u00bb#fd027e\u00a0\u00bb divider_weight=\u00a0\u00bb3px\u00a0\u00bb _builder_version=\u00a0\u00bb4.21.2&Prime; _module_preset=\u00a0\u00bbdefault\u00a0\u00bb width=\u00a0\u00bb30%\u00a0\u00bb module_alignment=\u00a0\u00bbcenter\u00a0\u00bb locked=\u00a0\u00bboff\u00a0\u00bb global_colors_info=\u00a0\u00bb{}\u00a0\u00bb][\/et_pb_divider][et_pb_image src=\u00a0\u00bbhttps:\/\/www.placelibertine.com\/blog\/wp-content\/uploads\/2023\/12\/plusieurs-godemichets-roses.jpg\u00a0\u00bb alt=\u00a0\u00bbPlusieurs godemichets roses\u00a0\u00bb title_text=\u00a0\u00bbplusieurs-godemichets-roses\u00a0\u00bb align=\u00a0\u00bbcenter\u00a0\u00bb _builder_version=\u00a0\u00bb4.21.2&Prime; _module_preset=\u00a0\u00bbdefault\u00a0\u00bb module_alignment=\u00a0\u00bbcenter\u00a0\u00bb global_colors_info=\u00a0\u00bb{}\u00a0\u00bb][\/et_pb_image][et_pb_text _builder_version=\u00a0\u00bb4.21.2&Prime; _module_preset=\u00a0\u00bbdefault\u00a0\u00bb global_colors_info=\u00a0\u00bb{}\u00a0\u00bb]<\/p>\n<p><span style=\"font-weight: 400;\">Les <strong>godemich\u00e9s<\/strong> sont g\u00e9n\u00e9ralement <strong>utilis\u00e9s pour la p\u00e9n\u00e9tration vaginale et\/ou anale<\/strong>, tant par les hommes que par les femmes..\u00a0<\/span><\/p>\n<p><span style=\"font-weight: 400;\">En fait, on recherche \u00e0<strong> r\u00e9pliquer les sensations de la p\u00e9n\u00e9tration<\/strong> : la stimulation ressentie lors de l&rsquo;insertion, de l&rsquo;enfoncement ou du retrait d&rsquo;un godemichet dans un vagin ou un anus est similaire \u00e0 lorsque l\u2019on re\u00e7oit un p\u00e9nis dans l\u2019un de ces orifices.\u00a0\u00a0<\/span><\/p>\n<p><span style=\"font-weight: 400;\">Certaines personnes utilisent les godemichets d&rsquo;autres mani\u00e8res, par exemple <strong>en les passant sur leur peau et leurs zones \u00e9rog\u00e8nes<\/strong> (seins, cuisses, testicules, \u2026) pendant les pr\u00e9liminaires, mais \u00e9galement en <strong>les utilisant comme b\u00e2illons<\/strong>, ou pour simuler ou s&rsquo;entra\u00eener \u00e0 pratiquer le sexe oral.\u00a0<\/span><\/p>\n<p><span style=\"font-weight: 400;\">Il existe \u00e9galement des godemich\u00e9s sp\u00e9cialement con\u00e7us pour stimuler le point G.\u00a0<\/span><\/p>\n<p><span style=\"font-weight: 400;\">Les mani\u00e8res d\u2019utiliser un godemichet sont nombreuses, et il existe \u00e9galement un grand nombre de godes diff\u00e9rents :\u00a0<\/span><\/p>\n<ul>\n<li style=\"font-weight: 400;\" aria-level=\"1\"><span style=\"font-weight: 400;\"><strong>Vous frotter votre godemichet<\/strong> contre votre clitoris, contre votre gland, votre scrotum ou tout autre endroit de votre corps ou de celui de votre partenaire ;\u00a0\u00a0<br \/>\u00a0<\/span><\/li>\n<li style=\"font-weight: 400;\" aria-level=\"1\"><span style=\"font-weight: 400;\">Vous pouvez <strong>utiliser des godes \u00e0 double extr\u00e9mit\u00e9<\/strong>, pour en profiter \u00e0 deux ;<br \/>\u00a0<\/span><\/li>\n<li style=\"font-weight: 400;\" aria-level=\"1\"><span style=\"font-weight: 400;\">Vous pouvez l\u2019utiliser pour stimuler votre anus ou votre vagin ;<br \/>\u00a0<\/span><\/li>\n<li style=\"font-weight: 400;\" aria-level=\"1\"><span style=\"font-weight: 400;\">Vous pouvez utiliser un \u201c<strong>gode-ceinture<\/strong>\u201d, c\u2019est-\u00e0-dire un godemichet qui s\u2019attache autour du bassin \u00e0 l\u2019aide d\u2019une ceinture, permettant notamment aux femmes de p\u00e9n\u00e9trer une autre personne comme si elles \u00e9taient pourvues d\u2019un p\u00e9nis ;<br \/>\u00a0<\/span><\/li>\n<li style=\"font-weight: 400;\" aria-level=\"1\"><span style=\"font-weight: 400;\">\u2026<br \/>\u00a0<\/span><\/li>\n<\/ul>\n<p><span style=\"font-weight: 400;\">Les exemples sont nombreux, et la liste n\u2019est pas exhaustive ! En vous perdant sur Internet, vous pourriez bien faire quelques d\u00e9couvertes croustillantes\u2026<\/span><\/p>\n<p><span style=\"font-weight: 400;\">En tout cas, l<strong>ibre \u00e0 vous d\u2019utiliser votre godemichet seul(e), en couple ou en <\/strong><\/span><strong><a href=\"https:\/\/www.placelibertine.com\/fr\/pratique-triolisme-lesbien.html\">trio lesbien<\/a><\/strong><span style=\"font-weight: 400;\"><strong> ou h\u00e9t\u00e9ro<\/strong> : dans tous les cas, il existe \u00e9normement de mani\u00e8res de prendre beaucoup de plaisir !<\/span><\/p>\n<p>[\/et_pb_text][et_pb_text _builder_version=\u00a0\u00bb4.21.2&Prime; _module_preset=\u00a0\u00bbdefault\u00a0\u00bb locked=\u00a0\u00bboff\u00a0\u00bb global_colors_info=\u00a0\u00bb{}\u00a0\u00bb]<\/p>\n<h2 style=\"text-align: center;\"><strong>Quelques conseils pour les d\u00e9butants\u2026<\/strong><\/h2>\n<p>[\/et_pb_text][et_pb_divider color=\u00a0\u00bb#fd027e\u00a0\u00bb divider_weight=\u00a0\u00bb3px\u00a0\u00bb _builder_version=\u00a0\u00bb4.21.2&Prime; _module_preset=\u00a0\u00bbdefault\u00a0\u00bb width=\u00a0\u00bb30%\u00a0\u00bb module_alignment=\u00a0\u00bbcenter\u00a0\u00bb locked=\u00a0\u00bboff\u00a0\u00bb global_colors_info=\u00a0\u00bb{}\u00a0\u00bb][\/et_pb_divider][et_pb_text _builder_version=\u00a0\u00bb4.21.2&Prime; _module_preset=\u00a0\u00bbdefault\u00a0\u00bb global_colors_info=\u00a0\u00bb{}\u00a0\u00bb]<\/p>\n<p><span style=\"font-weight: 400;\">Il est tr\u00e8s important de <strong>commencer doucement<\/strong> lorsqu&rsquo;on utilise un gode pour la premi\u00e8re fois : votre anus ou votre vagin n\u2019est pas forc\u00e9ment pr\u00eat \u00e0 recevoir ce sextoy !\u00a0<\/span><\/p>\n<p><span style=\"font-weight: 400;\">Voici donc quelques conseils pour les d\u00e9butants :<\/span><\/p>\n<ul>\n<li style=\"font-weight: 400;\" aria-level=\"1\"><span style=\"font-weight: 400;\"><strong>Nessayez pas d&rsquo;accueillir plus que ce que vous pouvez supporter.<\/strong> De m\u00eame, n&rsquo;ins\u00e9rez pas un objet qui ne peut pas \u00eatre retir\u00e9 facilement par la suite ; ceci est particuli\u00e8rement vrai pour les jouets destin\u00e9s \u00e0 l&rsquo;usage anal (d\u2019ailleurs, si vous d\u00e9cidez de passer par cet orifice, pensez \u00e0 <\/span><a href=\"https:\/\/www.placelibertine.com\/blog\/dilater-anus\/\"><span style=\"font-weight: 400;\">dilater votre anus<\/span><\/a><span style=\"font-weight: 400;\"> au pr\u00e9alable).<br \/><\/span><span style=\"font-weight: 400;\">\n<p><\/span><\/li>\n<li style=\"font-weight: 400;\" aria-level=\"1\"><span style=\"font-weight: 400;\"><strong>Gardez \u00e0 l&rsquo;esprit que la taille moyenne d&rsquo;un p\u00e9nis est d\u2019environ 12 \u00e0 15 centim\u00e8tres<\/strong> !\u00a0 Pour les d\u00e9butants, il est pr\u00e9f\u00e9rable de choisir un gode de cette taille, bien que vous puissiez \u00e9galement souhaiter commencer plus petit. En effet, commencer avec un gode trop grand peut \u00eatre inconfortable ou douloureux, et vous dissuader de retenter l\u2019exp\u00e9rience.\u00a0<br \/><\/span><span style=\"font-weight: 400;\">\n<p><\/span><\/li>\n<li style=\"font-weight: 400;\" aria-level=\"1\"><span style=\"font-weight: 400;\">N&rsquo;oubliez pas de toujours<strong> \u00e9viter les objets aux bords rugueux<\/strong>, au moins pour vos premi\u00e8res utilisations.\u00a0<br \/><\/span><span style=\"font-weight: 400;\">\n<p><\/span><\/li>\n<li style=\"font-weight: 400;\" aria-level=\"1\"><span style=\"font-weight: 400;\">Apr\u00e8s l\u2019avoir utilis\u00e9, <strong>lavez votre godemichet<\/strong> avec un nettoyant antibact\u00e9rien doux et utilisez un pr\u00e9servatif si vous partagez vos sextoys avec un partenaire.\u00a0<br \/><\/span><span style=\"font-weight: 400;\">\n<p><\/span><\/li>\n<li style=\"font-weight: 400;\" aria-level=\"1\"><span style=\"font-weight: 400;\">Lorsque vous choisissez votre premier gode, assurez-vous de bien vous renseigner :\u00a0 d\u00e9terminez la taille qui vous convient, examinez ensuite la couleur et la forme. D\u2019autres param\u00e8tres sont \u00e0 prendre en compte : vous pouvez notamment choisir un godemichet avec des \u201cveines\u201d, des stries, ou encore un godemich\u00e9 compl\u00e8tement lisse. Les options sont nombreuses, vous verrez !\u00a0<br \/><\/span><span style=\"font-weight: 400;\">\n<p><\/span><\/li>\n<li style=\"font-weight: 400;\" aria-level=\"1\"><span style=\"font-weight: 400;\">Pensez au <strong>mat\u00e9riau<\/strong> que vous allez choisir. Avez-vous des allergies ? Veillez \u00e0 \u00e9viter tout mat\u00e9riau susceptible de provoquer une r\u00e9action. Recherchez-vous un gode dur, lisse et en plastique, souhaitez-vous qu\u2019il soit mou ? Privil\u00e9giez-vous un godemichet qui ressemble \u00e0 un p\u00e9nis, ou non ?\u00a0<br \/><\/span><span style=\"font-weight: 400;\">\n<p><\/span><\/li>\n<li style=\"font-weight: 400;\" aria-level=\"1\"><span style=\"font-weight: 400;\">Enfin, <strong>on vous conseille d\u2019aller choisir votre gode en magasin<\/strong> : commander un gode en ligne est un avantage appr\u00e9ciable pour les personnes timides, mais il est recommand\u00e9, au moins pour le premier, de vous rendre sur place afin de vous familiariser avec sa taille, sa forme, sa texture et son mat\u00e9riau avant d&rsquo;en acheter un.<\/span><\/li>\n<\/ul>\n<p>[\/et_pb_text][et_pb_text _builder_version=\u00a0\u00bb4.21.2&Prime; _module_preset=\u00a0\u00bbdefault\u00a0\u00bb global_colors_info=\u00a0\u00bb{}\u00a0\u00bb]<\/p>\n<h2 style=\"text-align: center;\"><strong>Utiliser un godemichet quand on est en couple<\/strong><\/h2>\n<p>[\/et_pb_text][et_pb_divider color=\u00a0\u00bb#fd027e\u00a0\u00bb divider_weight=\u00a0\u00bb3px\u00a0\u00bb _builder_version=\u00a0\u00bb4.21.2&Prime; _module_preset=\u00a0\u00bbdefault\u00a0\u00bb width=\u00a0\u00bb30%\u00a0\u00bb module_alignment=\u00a0\u00bbcenter\u00a0\u00bb locked=\u00a0\u00bboff\u00a0\u00bb global_colors_info=\u00a0\u00bb{}\u00a0\u00bb][\/et_pb_divider][et_pb_image src=\u00a0\u00bbhttps:\/\/www.placelibertine.com\/blog\/wp-content\/uploads\/2023\/12\/collection-de-godemichets.jpg\u00a0\u00bb alt=\u00a0\u00bbCollection de godemichets\u00a0\u00bb title_text=\u00a0\u00bbcollection-de-godemichets\u00a0\u00bb _builder_version=\u00a0\u00bb4.21.2&Prime; _module_preset=\u00a0\u00bbdefault\u00a0\u00bb global_colors_info=\u00a0\u00bb{}\u00a0\u00bb][\/et_pb_image][et_pb_text _builder_version=\u00a0\u00bb4.21.2&Prime; _module_preset=\u00a0\u00bbdefault\u00a0\u00bb hover_enabled=\u00a0\u00bb0&Prime; global_colors_info=\u00a0\u00bb{}\u00a0\u00bb sticky_enabled=\u00a0\u00bb0&Prime;]<\/p>\n<h3 style=\"text-align: center;\"><span style=\"font-weight: 400;\">Le godemichet en couple : mode d\u2019emploi<\/span><\/h3>\n<p><span style=\"font-weight: 400;\">\u00a0<\/span><\/p>\n<p><span style=\"font-weight: 400;\"><strong>Ajouter un gode dans vos \u00e9bats sexuels peut \u00eatre diablement excitant<\/strong>, et peut m\u00eame aider \u00e0 vous pr\u00e9parer pour une exp\u00e9rience <\/span><a href=\"https:\/\/www.placelibertine.com\/fr\/pratique-triolisme.html\"><span style=\"font-weight: 400;\">trioliste<\/span><\/a><span style=\"font-weight: 400;\"> (ou un \u201cplan \u00e0 trois\u201d) !\u00a0<\/span><\/p>\n<p><span style=\"font-weight: 400;\">Pour les femmes, avec un partenaire masculin, on recommande de choisir <strong>un gode dont la taille et\/ou la forme est similaire \u00e0 celle du p\u00e9nis de votre partenaire.\u00a0\u00a0<\/strong><\/span><\/p>\n<p><span style=\"font-weight: 400;\">En effet, si vous en choisissez un trop grand, il risque d\u2019\u00eatre jaloux de votre jouet, ou d&rsquo;avoir l&rsquo;impression de ne pas \u00eatre \u00e0 la hauteur de vos attentes ! D\u2019un autre c\u00f4t\u00e9, si le p\u00e9nis de votre partenaire est plus imposant, le choix d&rsquo;un jouet trop petit risque de ne pas vous apporter la stimulation que vous recherchez.\u00a0<\/span><\/p>\n<p><span style=\"font-weight: 400;\">Encore une fois, on vous sugg\u00e8re de commencer par un godemichet de petite taille : vous aurez tout \u00e0 fait le temps de monter en gamme quand vous vous y serez habitu\u00e9e !<\/span><\/p>\n<p><span style=\"font-weight: 400;\">Une fois pr\u00eate, commencez par n&rsquo;ins\u00e9rer qu&rsquo;une petite partie du gode \u00e0 la fois en vous. Mettez-vous \u00e0 l\u2019aise, et essayez de le mettre dans diff\u00e9rentes positions pour d\u00e9terminer les sensations les plus agr\u00e9ables. <strong>Augmentez lentement la profondeur de p\u00e9n\u00e9tration.\u00a0<\/strong><\/span><\/p>\n<p><span style=\"font-weight: 400;\">Une fois que vous vous connaissez un peu mieux, et que vous \u00eates un peu plus habitu\u00e9e \u00e0 votre sextoy, <strong>demandez \u00e0 votre partenaire de l\u2019utiliser avec vous<\/strong>, afin qu&rsquo;il apprenne \u00e0 l\u2019utiliser pour vous faire plaisir. N\u2019h\u00e9sitez pas \u00e0 le guider le plus possible, et expliquez-lui les diff\u00e9rentes positions et mouvements que vous avez utilis\u00e9s pour d\u00e9terminer ce qui vous convenait le mieux.<\/span><\/p>\n<p><span style=\"font-weight: 400;\">Une fois que celui-ci sait y faire, vous pourrez commencer \u00e0 doucement int\u00e9grer le godemichet aux moments o\u00f9 vous faites l\u2019amour\u2026<\/span><\/p>\n<p><span style=\"font-weight: 400;\">\u00a0<\/span><\/p>\n<h3 style=\"text-align: center;\"><span style=\"font-weight: 400;\">\u00c9voquer le fait <\/span><span style=\"font-weight: 400;\">d\u2019utiliser un godemichet \u00e0 son partenaire<br \/>\u00a0<\/span><\/h3>\n<p><span style=\"font-weight: 400;\">Bien s\u00fbr, <strong>\u00e9voquer le fait d\u2019utiliser un godemichet \u00e0 son partenaire n\u2019est jamais simple !<\/strong>\u00a0<\/span><\/p>\n<p><span style=\"font-weight: 400;\">Ainsi, cette derni\u00e8re section s&rsquo;adresse \u00e0 ceux qui se disent : \u00ab\u00a0\u00c7a a l&rsquo;air sympa, je pense que \u00e7a me plairait, mais comment en parler \u00e0 mon partenaire ?\u201d. Il se peut m\u00eame que vous partiez du principe que ce dernier n\u2019acceptera jamais\u2026 alors que c\u2019est peut-\u00eatre faux !<\/span><\/p>\n<p><span style=\"font-weight: 400;\">Si vous voulez vraiment vous procurer un gode et commencer \u00e0 essayer de nouvelles choses, vous vous sentez probablement <strong>heureuse, excit\u00e9e et m\u00eame un peu libre et expressive sur le plan sexuel<\/strong>. Tout cela est excellent !\u00a0\u00a0<\/span><\/p>\n<p><span style=\"font-weight: 400;\">N\u00e9anmoins, ces pens\u00e9es et ces sentiments peuvent \u00e9galement s\u2019accompagner de nervosit\u00e9, d&rsquo;anxi\u00e9t\u00e9 et peut-\u00eatre m\u00eame de frustration, surtout si vous craignez d&rsquo;en parler \u00e0 votre partenaire.\u00a0\u00a0<\/span><\/p>\n<p><span style=\"font-weight: 400;\">Comme dans chaque nouvelle pratique sexuelle, pourtant, <strong>tout passe par la communication<\/strong> : n\u2019h\u00e9sitez pas \u00e0 lui expliquer ce qui vous excite dans le fait d\u2019ajouter un sextoy \u00e0 vos \u00e9bats, que vous pratiquiez une <\/span><a href=\"https:\/\/www.placelibertine.com\/blog\/glossaire\/sexualite-vanille\"><span style=\"font-weight: 400;\">sexualit\u00e9 vanille<\/span><\/a><span style=\"font-weight: 400;\"> ou du <\/span><a href=\"https:\/\/www.placelibertine.com\/fr\/pratique-bdsm-anal.html\"><span style=\"font-weight: 400;\">BDSM anal<\/span><\/a><span style=\"font-weight: 400;\">.\u00a0<\/span><\/p>\n<p><span style=\"font-weight: 400;\">De prime abord, il risque de penser que c\u2019est parce qu\u2019il n\u2019est pas \u00e0 la hauteur, ce qui repr\u00e9sente une vraie blessure dans son amour-propre : <strong>\u00e0 vous de le rassurer sur ce point<\/strong> !<\/span><\/p>\n<p><span style=\"font-weight: 400;\">Dites-lui \u00e9galement ce que vous pensez que cela apportera \u00e0 votre relation : vous allez vivre de nouvelles choses ensemble, et c\u2019est lui que vous avez choisie pour tenter cette nouvelle exp\u00e9rience !<\/span><\/p>\n<p><span style=\"font-weight: 400;\">Expliquez-lui\u00a0 aussi que<strong> vous prendrez votre temps<\/strong>, pour ne pas brusquer les choses\u00a0 .<\/span><\/p>\n<p><span style=\"font-weight: 400;\">Un autre moyen d&rsquo;apaiser les inqui\u00e9tudes de votre partenaire est de <strong>le faire participer au processus de d\u00e9cision<\/strong> : repensez aux questions pos\u00e9es plus haut sur la taille, la texture, la forme, etc. que vous souhaitez pour votre godemichet.\u00a0\u00a0<\/span><\/p>\n<p><span style=\"font-weight: 400;\">Tout devrait bien se passer : de plus en plus de couples partagent des moments intimes \u00e0 trois, avec un godemichet, et n\u2019ont jamais \u00e9t\u00e9 aussi heureux !<\/span><\/p>\n<p><span style=\"font-weight: 400;\">D&rsquo;ailleurs, si vous recherchez un +1 pour votre plan \u00e0 trois, et que<strong> le godemichet ne vous suffit plus<\/strong>, pourquoi ne pas tenter l&rsquo;exp\u00e9rience d&rsquo;un <a href=\"https:\/\/www.placelibertine.com\/fr\/\">site libertin<\/a> comme Place Libertine, qui poss\u00e8de l&rsquo;une des plus grosses communaut\u00e9s de France ? Allez venez, aucun de nos membres ne mord&#8230; sans consentement !<\/span><\/p>\n<p>[\/et_pb_text][et_pb_button button_url=\u00a0\u00bbhttps:\/\/www.placelibertine.com\/fr\/\u00a0\u00bb button_text=\u00a0\u00bbCliquez ici pour vous inscrire sur Place Libertine !\u00a0\u00bb button_alignment=\u00a0\u00bbcenter\u00a0\u00bb _builder_version=\u00a0\u00bb4.21.2&Prime; _module_preset=\u00a0\u00bbdefault\u00a0\u00bb custom_button=\u00a0\u00bbon\u00a0\u00bb button_text_size=\u00a0\u00bb22px\u00a0\u00bb button_text_color=\u00a0\u00bb#fd027e\u00a0\u00bb button_bg_color=\u00a0\u00bb#000000&Prime; button_border_width=\u00a0\u00bb3px\u00a0\u00bb button_border_color=\u00a0\u00bb#fd027e\u00a0\u00bb button_border_radius=\u00a0\u00bb20px\u00a0\u00bb button_font=\u00a0\u00bb|600|||||||\u00a0\u00bb button_icon=\u00a0\u00bb&#x39;||divi||400&Prime; button_icon_color=\u00a0\u00bb#fd027e\u00a0\u00bb button_icon_placement=\u00a0\u00bbleft\u00a0\u00bb button_on_hover=\u00a0\u00bboff\u00a0\u00bb animation_style=\u00a0\u00bbbounce\u00a0\u00bb global_colors_info=\u00a0\u00bb{}\u00a0\u00bb button_text_color__hover_enabled=\u00a0\u00bbon|desktop\u00a0\u00bb button_text_color__hover=\u00a0\u00bb#000000&Prime; button_bg_color__hover_enabled=\u00a0\u00bbon|desktop\u00a0\u00bb button_icon_color__hover_enabled=\u00a0\u00bbon|hover\u00a0\u00bb button_icon_color__hover=\u00a0\u00bb#000000&Prime; button_border_color__hover_enabled=\u00a0\u00bbon|desktop\u00a0\u00bb button_border_color__hover=\u00a0\u00bb#000000&Prime; button_bg_color__hover=\u00a0\u00bb#fd027e\u00a0\u00bb button_bg_enable_color__hover=\u00a0\u00bbon\u00a0\u00bb][\/et_pb_button][\/et_pb_column][\/et_pb_row][\/et_pb_section]<\/p>\n","protected":false},"excerpt":{"rendered":"<p>Qu&rsquo;est-ce qu&rsquo;un godemich\u00e9 ?Gode, godemichet (parfois \u00e9crit \u201cgodemich\u00e9\u201d), dildo, \u2026 voil\u00e0 bien des appellations pour un sextoy qui n\u2019a jamais \u00e9t\u00e9 populaire aupr\u00e8s de la gent f\u00e9minine\u2026 mais aussi aupr\u00e8s des hommes !\u00a0 Alors, qu&rsquo;est-ce qu&rsquo;un gode ? Eh bien, un godemich\u00e9 est un jouet sexuel qui a g\u00e9n\u00e9ralement la forme d&rsquo;un p\u00e9nis en \u00e9rection, [&hellip;]<\/p>\n","protected":false},"author":1,"featured_media":0,"parent":381,"menu_order":0,"comment_status":"closed","ping_status":"closed","template":"","meta":{"_seopress_robots_primary_cat":"","_seopress_titles_title":"Godemichet - D\u00e9finition, conseils, tout ce qu&#039;il faut savoir","_seopress_titles_desc":"D\u00e9couvrez tout ce qu&#039;il faut savoir sur le godemichet : historique, d\u00e9finition et pr\u00e9sentation des diff\u00e9rents sextoys, on a pens\u00e9 \u00e0 tout...","_seopress_robots_index":"","_seopress_analysis_target_kw":"","_et_pb_use_builder":"on","_et_pb_old_content":"","_et_gb_content_width":"","footnotes":""},"class_list":["post-563","page","type-page","status-publish","hentry"],"_links":{"self":[{"href":"https:\/\/www.placelibertine.com\/blog\/wp-json\/wp\/v2\/pages\/563","targetHints":{"allow":["GET"]}}],"collection":[{"href":"https:\/\/www.placelibertine.com\/blog\/wp-json\/wp\/v2\/pages"}],"about":[{"href":"https:\/\/www.placelibertine.com\/blog\/wp-json\/wp\/v2\/types\/page"}],"author":[{"embeddable":true,"href":"https:\/\/www.placelibertine.com\/blog\/wp-json\/wp\/v2\/users\/1"}],"replies":[{"embeddable":true,"href":"https:\/\/www.placelibertine.com\/blog\/wp-json\/wp\/v2\/comments?post=563"}],"version-history":[{"count":4,"href":"https:\/\/www.placelibertine.com\/blog\/wp-json\/wp\/v2\/pages\/563\/revisions"}],"predecessor-version":[{"id":582,"href":"https:\/\/www.placelibertine.com\/blog\/wp-json\/wp\/v2\/pages\/563\/revisions\/582"}],"up":[{"embeddable":true,"href":"https:\/\/www.placelibertine.com\/blog\/wp-json\/wp\/v2\/pages\/381"}],"wp:attachment":[{"href":"https:\/\/www.placelibertine.com\/blog\/wp-json\/wp\/v2\/media?parent=563"}],"curies":[{"name":"wp","href":"https:\/\/api.w.org\/{rel}","templated":true}]}}