{"id":603,"date":"2023-12-20T17:22:05","date_gmt":"2023-12-20T16:22:05","guid":{"rendered":"https:\/\/www.placelibertine.com\/blog\/?page_id=603"},"modified":"2023-12-20T17:22:06","modified_gmt":"2023-12-20T16:22:06","slug":"quickie","status":"publish","type":"page","link":"https:\/\/www.placelibertine.com\/blog\/glossaire\/quickie\/","title":{"rendered":"Quickie"},"content":{"rendered":"<p>[et_pb_section fb_built=\u00a0\u00bb1&Prime; _builder_version=\u00a0\u00bb4.21.2&Prime; _module_preset=\u00a0\u00bbdefault\u00a0\u00bb locked=\u00a0\u00bboff\u00a0\u00bb global_colors_info=\u00a0\u00bb{}\u00a0\u00bb][et_pb_row _builder_version=\u00a0\u00bb4.21.2&Prime; _module_preset=\u00a0\u00bbdefault\u00a0\u00bb global_colors_info=\u00a0\u00bb{}\u00a0\u00bb][et_pb_column type=\u00a0\u00bb4_4&Prime; _builder_version=\u00a0\u00bb4.21.2&Prime; _module_preset=\u00a0\u00bbdefault\u00a0\u00bb global_colors_info=\u00a0\u00bb{}\u00a0\u00bb][et_pb_image src=\u00a0\u00bbhttps:\/\/www.placelibertine.com\/blog\/wp-content\/uploads\/2023\/12\/quickie.jpg\u00a0\u00bb alt=\u00a0\u00bbQuickie\u00a0\u00bb title_text=\u00a0\u00bbquickie\u00a0\u00bb _builder_version=\u00a0\u00bb4.23.1&Prime; _module_preset=\u00a0\u00bbdefault\u00a0\u00bb hover_enabled=\u00a0\u00bb0&Prime; global_colors_info=\u00a0\u00bb{}\u00a0\u00bb sticky_enabled=\u00a0\u00bb0&Prime;][\/et_pb_image][et_pb_text _builder_version=\u00a0\u00bb4.23.1&Prime; _module_preset=\u00a0\u00bbdefault\u00a0\u00bb hover_enabled=\u00a0\u00bb0&Prime; locked=\u00a0\u00bboff\u00a0\u00bb global_colors_info=\u00a0\u00bb{}\u00a0\u00bb sticky_enabled=\u00a0\u00bb0&Prime;]<\/p>\n<h2 style=\"text-align: center;\"><strong>Qu\u2019est-ce qu\u2019un quickie ?<\/strong><\/h2>\n<p>[\/et_pb_text][et_pb_divider color=\u00a0\u00bb#fd027e\u00a0\u00bb divider_weight=\u00a0\u00bb3px\u00a0\u00bb _builder_version=\u00a0\u00bb4.21.2&Prime; _module_preset=\u00a0\u00bbdefault\u00a0\u00bb width=\u00a0\u00bb30%\u00a0\u00bb module_alignment=\u00a0\u00bbcenter\u00a0\u00bb locked=\u00a0\u00bboff\u00a0\u00bb global_colors_info=\u00a0\u00bb{}\u00a0\u00bb][\/et_pb_divider][et_pb_text _builder_version=\u00a0\u00bb4.23.1&Prime; _module_preset=\u00a0\u00bbdefault\u00a0\u00bb hover_enabled=\u00a0\u00bb0&Prime; global_colors_info=\u00a0\u00bb{}\u00a0\u00bb sticky_enabled=\u00a0\u00bb0&Prime;]<\/p>\n<p><span style=\"font-weight: 400;\">Des rapports sexuels intenses, brefs et torrides, \u00e7a vous dit ? Parlons du <strong>quickie<\/strong> !<\/span><\/p>\n<p><span style=\"font-weight: 400;\">Si vous \u00eates dans une relation depuis un certain temps, il se peut que vous ayez des rapports sexuels assez routiniers. En g\u00e9n\u00e9ral, v<strong>ous faites l\u2019amour juste avant d&rsquo;aller au lit<\/strong> parce que c&rsquo;est l&rsquo;une des rares fois o\u00f9 vous \u00eates seuls, mais vous \u00eates tous les deux fatigu\u00e9s et cela ne dure pas tr\u00e8s longtemps.\u00a0<\/span><\/p>\n<p><span style=\"font-weight: 400;\">Ainsi, vous vous imaginez que vous ne pouvez pas faire l&rsquo;amour \u00e0 un autre moment de la journ\u00e9e ou d&rsquo;une autre mani\u00e8re : c\u2019est devenu une habitude, et vous pensez \u00eatre oblig\u00e9 de le faire de cette fa\u00e7on.\u00a0<\/span><\/p>\n<p><span style=\"font-weight: 400;\">C\u2019est l\u00e0 que le <strong>quickie<\/strong> entre en jeu !<\/span><\/p>\n<p><span style=\"font-weight: 400;\"><strong>Le quickie, c&rsquo;est un rapport sexuel qui dure peu de temps, entre 1 et 5 minutes par rapport<\/strong>. D\u2019ailleurs, vous n\u2019avez m\u00eame pas besoin de vous d\u00e9shabiller compl\u00e8tement ! Le quickie est donc id\u00e9al quand vous manquez de temps, ou m\u00eame dans des lieux plus insolites\u2026<\/span><\/p>\n<p><span style=\"font-weight: 400;\">Les quickies sont <strong>aliment\u00e9s par la tension sexuelle et l\u2019excitation<\/strong> plut\u00f4t que par un r\u00e9el sentiment amoureux. Il s\u2019agit plut\u00f4t de sexe assez bestial et intense.<\/span><\/p>\n<p><span style=\"font-weight: 400;\">Vous l\u2019aurez compris : le quickie n&rsquo;est pas vraiment le style de sexe le plus romantique\u2026 et ce n&rsquo;est pas grave !\u00a0<\/span><\/p>\n<p><span style=\"font-weight: 400;\">Vous aurez tout le temps de faire l\u2019amour avec votre partenaire, mais, <strong>le quickie, c&rsquo;est pour les moments o\u00f9 vous n\u2019avez pas le temps&#8230; mais que vous avez envie l\u2019un de l\u2019autre tout de suite !\u00a0<\/strong><\/span><\/p>\n<p><span style=\"font-weight: 400;\">D\u00e9couvrons ensemble cet univers de plaisir coquin, hot et bref, qui vous donnera l\u2019impression de raviver la flamme des d\u00e9buts de votre relation\u2026<\/span><\/p>\n<p>[\/et_pb_text][et_pb_text _builder_version=\u00a0\u00bb4.23.1&Prime; _module_preset=\u00a0\u00bbdefault\u00a0\u00bb hover_enabled=\u00a0\u00bb0&Prime; global_colors_info=\u00a0\u00bb{}\u00a0\u00bb sticky_enabled=\u00a0\u00bb0&Prime;]<\/p>\n<h2 style=\"text-align: center;\"><strong>Quel est le meilleur moment pour un quickie ?<\/strong><\/h2>\n<p>[\/et_pb_text][et_pb_divider color=\u00a0\u00bb#fd027e\u00a0\u00bb divider_weight=\u00a0\u00bb3px\u00a0\u00bb _builder_version=\u00a0\u00bb4.21.2&Prime; _module_preset=\u00a0\u00bbdefault\u00a0\u00bb width=\u00a0\u00bb30%\u00a0\u00bb module_alignment=\u00a0\u00bbcenter\u00a0\u00bb locked=\u00a0\u00bboff\u00a0\u00bb global_colors_info=\u00a0\u00bb{}\u00a0\u00bb][\/et_pb_divider][et_pb_text _builder_version=\u00a0\u00bb4.23.1&Prime; _module_preset=\u00a0\u00bbdefault\u00a0\u00bb hover_enabled=\u00a0\u00bb0&Prime; global_colors_info=\u00a0\u00bb{}\u00a0\u00bb sticky_enabled=\u00a0\u00bb0&Prime;]<\/p>\n<p><strong>Le meilleur moment pour un quickie\u2026 c\u2019est quand vous n\u2019avez pas le temps !<\/strong><\/p>\n<p><span style=\"font-weight: 400;\">En fait, on ne peut pas dire qu\u2019il y ait un meilleur moment pour l\u2019effectuer (ni un moins bon) : c\u2019est votre emploi du temps qui va d\u00e9terminer si le quickie s\u2019impose, ou non.\u00a0<\/span><\/p>\n<p><span style=\"font-weight: 400;\">Voici<strong> quelques id\u00e9es de moments<\/strong> o\u00f9 vous pouvez vous y essayer :\u00a0<\/span><\/p>\n<ul>\n<li style=\"font-weight: 400;\" aria-level=\"1\"><span style=\"font-weight: 400;\"><span style=\"text-decoration: underline;\"><strong>Pendant la pause d\u00e9jeuner &#8211;<\/strong><\/span> \u00c9chapper \u00e0 vos coll\u00e8gues \u00e0 l&rsquo;heure du repas de midi pour une petite s\u00e9ance de <\/span><a href=\"https:\/\/www.placelibertine.com\/blog\/pratiquer-le-sexe-au-bureau-en-toute-securite\/\"><span style=\"font-weight: 400;\">sexe au bureau<\/span><\/a><span style=\"font-weight: 400;\">, ou vous extirper dans la chambre si vous \u00eates \u00e0 la maison ensemble et que les enfants dorment ou sont distraits par la t\u00e9l\u00e9vision : voil\u00e0 le genre de moment id\u00e9al pour un petit quickie ! ;<br \/>\u00a0<\/span><\/li>\n<li style=\"font-weight: 400;\" aria-level=\"1\"><span style=\"font-weight: 400;\"><span style=\"text-decoration: underline;\"><strong>Au r\u00e9veil &#8211;<\/strong><\/span> Un quickie au r\u00e9veil est id\u00e9al lorsque vous avez juste assez de temps avant de partir pour le travail, surtout s\u2019il faut vous d\u00e9p\u00eacher. En plus, <strong>rien de tel qu\u2019une petite s\u00e9ance de sport matinale pour se mettre en jambes pour la journ\u00e9e<\/strong> ! ;<br \/>\u00a0<\/span><\/li>\n<li style=\"font-weight: 400;\" aria-level=\"1\"><span style=\"font-weight: 400;\"><span style=\"text-decoration: underline;\"><strong>N&rsquo;importe quand&#8230; en mettant en place des signaux &#8211;<\/strong><\/span> Avec votre partenaire, mettez en place <strong>un syst\u00e8me de signaux<\/strong> pour vous signifier que vous avez envie l\u2019un de l\u2019autre, m\u00eame quand vous \u00eates dans une pi\u00e8ce avec d\u2019autres personnes. Vous n\u2019imaginez pas \u00e0 quel point cela peut \u00eatre excitant !\u00a0<br \/><\/span><\/li>\n<\/ul>\n<p><span style=\"font-weight: 400;\">Ce ne sont l\u00e0 que des exemples, et libre \u00e0 vous de trouver d\u2019autres moments pendant lesquels profiter l\u2019un de l\u2019autre durant quelques minutes, en s&rsquo;extirpant quelques instants, discr\u00e8tement, puis en revenant comme si de rien \u00e9tait\u2026<\/span><\/p>\n<p>[\/et_pb_text][et_pb_text _builder_version=\u00a0\u00bb4.23.1&Prime; _module_preset=\u00a0\u00bbdefault\u00a0\u00bb hover_enabled=\u00a0\u00bb0&Prime; global_colors_info=\u00a0\u00bb{}\u00a0\u00bb sticky_enabled=\u00a0\u00bb0&Prime;]<\/p>\n<h2 style=\"text-align: center;\"><strong>Comment pratiquer le quickie ?<\/strong><\/h2>\n<p>[\/et_pb_text][et_pb_divider color=\u00a0\u00bb#fd027e\u00a0\u00bb divider_weight=\u00a0\u00bb3px\u00a0\u00bb _builder_version=\u00a0\u00bb4.21.2&Prime; _module_preset=\u00a0\u00bbdefault\u00a0\u00bb width=\u00a0\u00bb30%\u00a0\u00bb module_alignment=\u00a0\u00bbcenter\u00a0\u00bb locked=\u00a0\u00bboff\u00a0\u00bb global_colors_info=\u00a0\u00bb{}\u00a0\u00bb][\/et_pb_divider][et_pb_image src=\u00a0\u00bbhttps:\/\/www.placelibertine.com\/blog\/wp-content\/uploads\/2023\/12\/quickie-en-voiture.jpg\u00a0\u00bb alt=\u00a0\u00bbQuickie en voiture\u00a0\u00bb title_text=\u00a0\u00bbquickie-en-voiture\u00a0\u00bb align=\u00a0\u00bbcenter\u00a0\u00bb _builder_version=\u00a0\u00bb4.23.1&Prime; _module_preset=\u00a0\u00bbdefault\u00a0\u00bb module_alignment=\u00a0\u00bbcenter\u00a0\u00bb hover_enabled=\u00a0\u00bb0&Prime; global_colors_info=\u00a0\u00bb{}\u00a0\u00bb sticky_enabled=\u00a0\u00bb0&Prime;][\/et_pb_image][et_pb_text _builder_version=\u00a0\u00bb4.23.1&Prime; _module_preset=\u00a0\u00bbdefault\u00a0\u00bb hover_enabled=\u00a0\u00bb0&Prime; global_colors_info=\u00a0\u00bb{}\u00a0\u00bb sticky_enabled=\u00a0\u00bb0&Prime;]<\/p>\n<h3 style=\"text-align: center;\"><span style=\"font-weight: 400;\">Penser pratique<\/span><\/h3>\n<p><span style=\"font-weight: 400;\">\u00a0<\/span><\/p>\n<p><span style=\"font-weight: 400;\">Lors d\u2019un <strong>quickie<\/strong>, vous n\u2019avez pas beaucoup de temps, et, souvent, vous risquez de vous faire surprendre. Cela fait partie du jeu, et cela ajoute du piment au rapport !\u00a0<\/span><\/p>\n<p><span style=\"font-weight: 400;\">N\u00e9anmoins, <strong>il faut penser pratique, et vous pr\u00e9parer un minimum<\/strong> pour que tout se passe comme sur des roulettes\u2026\u00a0<\/span><\/p>\n<p><span style=\"font-weight: 400;\">Voici quelques conseils !<\/span><\/p>\n<ul>\n<li style=\"font-weight: 400;\" aria-level=\"1\"><span style=\"font-weight: 400;\"><span style=\"text-decoration: underline;\"><strong>Mesdames, pensez \u00e0 la jupe, ou ne portez pas de culotte &#8211;<\/strong><\/span> Envisagez le fait de porter une jupe que vous pouvez facilement d\u00e9zipper et laisser tomber sur le sol, ou que votre partenaire peut faire glisser vers le haut pour se faciliter l&rsquo;acc\u00e8s. Par ailleurs, <strong>ne porter ni culotte ni collant peut aider \u00e0 aller plus vite<\/strong> ! ;\n<p><\/span><\/li>\n<li style=\"font-weight: 400;\" aria-level=\"1\"><span style=\"font-weight: 400;\"><span style=\"text-decoration: underline;\"><strong>Ne vous d\u00e9shabillez pas enti\u00e8rement &#8211;<\/strong><\/span> Vous avez rarement le temps de vous d\u00e9shabiller compl\u00e8tement pour un quickie. Les jeux de r\u00f4le, les c\u00e2lins et les pr\u00e9liminaires langoureux, ce sera pour une autre fois ! <strong>Contentez-vous d\u2019enlever le minimum<\/strong> ;\n<p><\/span><\/li>\n<li style=\"font-weight: 400;\" aria-level=\"1\"><span style=\"font-weight: 400;\"><span style=\"text-decoration: underline;\"><strong>Gardez votre intimit\u00e9 &#8211;<\/strong><\/span> Si vous craignez que vos enfants soient r\u00e9veill\u00e9s ou que quelqu&rsquo;un vous surprenne, assurez-vous de <strong>fermer la porte \u00e0 cl\u00e9<\/strong>, ou d\u2019assurer un niveau d\u2019intimit\u00e9 maximal ;<\/span><span style=\"font-weight: 400;\">\n<p><\/span><\/li>\n<li style=\"font-weight: 400;\" aria-level=\"1\"><span style=\"font-weight: 400;\"><span style=\"text-decoration: underline;\"><strong>Gardez la trace du temps &#8211;<\/strong><\/span> Si le quickie dure trop longtemps, ce n\u2019est plus un quickie : il risque de vous mettre en retard, ou d\u2019\u00e9veiller les soup\u00e7ons des autres personnes pr\u00e9sentes. Ainsi, vous pouvez par exemple <strong>programmer une alarme sur votre t\u00e9l\u00e9phone pour vous assurer que le quickie ne se transforme pas en un rapport sexuel plus long<\/strong> ! De quoi vous mettre au d\u00e9fi : serez-vous capable d\u2019avoir un orgasme en si peu de temps ?<\/span><span style=\"font-weight: 400;\">\n<p><\/span><\/li>\n<li style=\"font-weight: 400;\" aria-level=\"1\"><span style=\"font-weight: 400;\"><span style=\"text-decoration: underline;\"><strong>Gardez toujours le n\u00e9cessaire &#8211;<\/strong><\/span> Pensez \u00e0 toujours avoir des pr\u00e9servatifs, quelques lingettes et du lubrifiant sur vous : <strong>on ne sait jamais quand on va pratiquer le quickie<\/strong>\u2026 et c\u2019est ce qui le rend si excitant !<\/span><\/li>\n<\/ul>\n<p><span style=\"font-weight: 400;\">\u00a0<\/span><\/p>\n<h3 style=\"text-align: center;\"><span style=\"font-weight: 400;\">Quelles positions et quels lieux pour un quickie ?<\/span><\/h3>\n<p><span style=\"font-weight: 400;\">\u00a0<\/span><\/p>\n<p><span style=\"font-weight: 400;\">Comment faire pour que le quickie soit r\u00e9ussi ? Eh bien, beaucoup de choses sont \u00e0 prendre en compte : <strong>outre l\u2019envie, l\u2019endroit et les positions sont importantes<\/strong>. Parfois, vous n\u2019aurez m\u00eame pas acc\u00e8s \u00e0 un lit !\u00a0<\/span><\/p>\n<p><span style=\"font-weight: 400;\">Voici donc nos conseils pour trouver des positions et un lieu id\u00e9al :\u00a0<\/span><\/p>\n<ul>\n<li style=\"font-weight: 400;\" aria-level=\"1\"><span style=\"font-weight: 400;\"><strong>Utilisez les tables, les bureaux et les comptoirs \u00e0 votre avantage.<\/strong> Ce sont de parfaits supports, solides et \u00e0 la bonne hauteur, pour que l\u2019un s\u2019y allonge sur le ventre ou le dos, et que l\u2019autre partenaire s\u2019en donne \u00e0 c\u0153ur joie, debout ;<\/span><span style=\"font-weight: 400;\">\n<p><\/span><\/li>\n<li style=\"font-weight: 400;\" aria-level=\"1\"><span style=\"font-weight: 400;\"><strong>Mesdames, penchez-vous sur des tables plus petites<\/strong>, des chaises ou des canap\u00e9s pour une levrette parfaite ;<\/span><span style=\"font-weight: 400;\">\n<p><\/span><\/li>\n<li style=\"font-weight: 400;\" aria-level=\"1\"><span style=\"font-weight: 400;\">Utilisez les chaises, les toilettes ou encore les canap\u00e9s pour <strong>chevaucher votre partenaire<\/strong> ;<\/span><span style=\"font-weight: 400;\">\n<p><\/span><\/li>\n<li style=\"font-weight: 400;\" aria-level=\"1\"><span style=\"font-weight: 400;\"><strong>Une voiture<\/strong> peut \u00e9galement \u00eatre un endroit id\u00e9al pour un quickie. Mesdames, vous pouvez vous mettre \u00e0 califourchon sur votre partenaire, baisser les si\u00e8ges pour une levrette ou essayer le missionnaire sur la banquette arri\u00e8re. <\/span><span style=\"font-weight: 400;\">\n<p><\/span><\/li>\n<\/ul>\n<p><span style=\"font-weight: 400;\">Finalement, la plupart des positions peuvent \u00eatre adapt\u00e9es au quickie : il faudra simplement vous adapter \u00e0 la situation et \u00e0 l&rsquo;endroit Une chose est s\u00fbre, vous allez faire fonctionner votre imagination\u2026 et votre souplesse !<\/span><\/p>\n<p>[\/et_pb_text][et_pb_text _builder_version=\u00a0\u00bb4.23.1&Prime; _module_preset=\u00a0\u00bbdefault\u00a0\u00bb hover_enabled=\u00a0\u00bb0&Prime; locked=\u00a0\u00bboff\u00a0\u00bb global_colors_info=\u00a0\u00bb{}\u00a0\u00bb sticky_enabled=\u00a0\u00bb0&Prime;]<\/p>\n<h2 style=\"text-align: center;\"><strong>Les inconv\u00e9nients du quickie<\/strong><\/h2>\n<p>[\/et_pb_text][et_pb_divider color=\u00a0\u00bb#fd027e\u00a0\u00bb divider_weight=\u00a0\u00bb3px\u00a0\u00bb _builder_version=\u00a0\u00bb4.21.2&Prime; _module_preset=\u00a0\u00bbdefault\u00a0\u00bb width=\u00a0\u00bb30%\u00a0\u00bb module_alignment=\u00a0\u00bbcenter\u00a0\u00bb locked=\u00a0\u00bboff\u00a0\u00bb global_colors_info=\u00a0\u00bb{}\u00a0\u00bb][\/et_pb_divider][et_pb_text _builder_version=\u00a0\u00bb4.23.1&Prime; _module_preset=\u00a0\u00bbdefault\u00a0\u00bb hover_enabled=\u00a0\u00bb0&Prime; global_colors_info=\u00a0\u00bb{}\u00a0\u00bb sticky_enabled=\u00a0\u00bb0&Prime;]<\/p>\n<p><span style=\"font-weight: 400;\">Si <strong>le quickie<\/strong> poss\u00e8de ses avantages (pratique assez excitante, possibilit\u00e9 de le faire presque n\u2019importe o\u00f9 et n\u2019importe quand, retour de la flamme dans le couple, \u2026), ce dernier poss\u00e8de, tout de m\u00eame, <strong>son lot d\u2019inconv\u00e9nients<\/strong> dont il faut parler.<\/span><\/p>\n<p><span style=\"font-weight: 400;\">Premi\u00e8rement, <strong>vous n\u2019aurez pas toujours d\u2019orgasme<\/strong>, malheureusement.<\/span><\/p>\n<p><span style=\"font-weight: 400;\">En effet : pour les femmes, les quickies peuvent \u00eatre excitants, mais ils peuvent aussi signifier que vous n&rsquo;aurez pas d&rsquo;orgasme. C&rsquo;est particuli\u00e8rement vrai si vous savez que vous mettez plus de temps \u00e0 jouir. Alors, si vous recherchez syst\u00e9matiquement l\u2019orgasme \u00e0 chaque rapport, le quickie n\u2019est peut-\u00eatre pas pour vous.\u00a0<\/span><\/p>\n<p><span style=\"font-weight: 400;\"><strong>Cependant, le quickie peut \u00eatre un moment incroyablement chaud et agr\u00e9able si vous \u00eates pr\u00eats \u00e0 faire ce sacrifice<\/strong>. Il peut m\u00eame constituer une excellente mise en bouche pour un rapport plus long et langoureux plus tard dans la journ\u00e9e !<\/span><\/p>\n<p><span style=\"font-weight: 400;\">Ainsi, une chose qui pourrait vous aider \u00e0 prendre votre pied plus facilement lors d&rsquo;un quickie est l\u2019envoi de messages sexy au pr\u00e9alable.\u00a0<\/span><\/p>\n<p><span style=\"font-weight: 400;\">Parlez \u00e0 votre partenaire du d\u00e9sir que vous avez pour lui (ou pour elle) afin d&rsquo;\u00eatre pr\u00eat(e) d\u00e8s que vous aurez quelques instants \u00e0 passer seuls \u00e0 seuls !<\/span><\/p>\n<p><span style=\"font-weight: 400;\">Par ailleurs, <strong>l\u2019apparence peut aussi devoir \u00eatre mise de c\u00f4t\u00e9<\/strong>, du fait de l\u2019impossibilit\u00e9 de pr\u00e9parer ce type de moment : l\u2019\u00e9pilation peut donc laisser \u00e0 d\u00e9sirer, ou l\u2019haleine du matin peut encore \u00eatre pr\u00e9sente.<\/span><\/p>\n<p><span style=\"font-weight: 400;\">N\u00e9anmoins, <strong>ces choses doivent rester des d\u00e9tails<\/strong>, et ne pas prendre trop d\u2019importance : le quickie est un rapport sexuel rapide, et vous serez tellement emport\u00e9s par le moment que vous ne ressentirez que de l\u2019excitation, et pas d\u2019anxi\u00e9t\u00e9 li\u00e9e \u00e0 votre corps, ou \u00e0 votre apparence.\u00a0<\/span><\/p>\n<p>[\/et_pb_text][et_pb_text _builder_version=\u00a0\u00bb4.23.1&Prime; _module_preset=\u00a0\u00bbdefault\u00a0\u00bb hover_enabled=\u00a0\u00bb0&Prime; global_colors_info=\u00a0\u00bb{}\u00a0\u00bb sticky_enabled=\u00a0\u00bb0&Prime;]<\/p>\n<h2 style=\"text-align: center;\"><strong>Pour conclure &#8211; La v\u00e9rit\u00e9 sur les quickies<\/strong><\/h2>\n<p>[\/et_pb_text][et_pb_divider color=\u00a0\u00bb#fd027e\u00a0\u00bb divider_weight=\u00a0\u00bb3px\u00a0\u00bb _builder_version=\u00a0\u00bb4.21.2&Prime; _module_preset=\u00a0\u00bbdefault\u00a0\u00bb width=\u00a0\u00bb30%\u00a0\u00bb module_alignment=\u00a0\u00bbcenter\u00a0\u00bb locked=\u00a0\u00bboff\u00a0\u00bb global_colors_info=\u00a0\u00bb{}\u00a0\u00bb][\/et_pb_divider][et_pb_image src=\u00a0\u00bbhttps:\/\/www.placelibertine.com\/blog\/wp-content\/uploads\/2023\/12\/homme-et-femme-en-plein-quickie.jpg\u00a0\u00bb alt=\u00a0\u00bbHomme et femme en plein quickie\u00a0\u00bb title_text=\u00a0\u00bbhomme-et-femme-en-plein-quickie\u00a0\u00bb _builder_version=\u00a0\u00bb4.23.1&Prime; _module_preset=\u00a0\u00bbdefault\u00a0\u00bb hover_enabled=\u00a0\u00bb0&Prime; global_colors_info=\u00a0\u00bb{}\u00a0\u00bb sticky_enabled=\u00a0\u00bb0&Prime;][\/et_pb_image][et_pb_text _builder_version=\u00a0\u00bb4.23.1&Prime; _module_preset=\u00a0\u00bbdefault\u00a0\u00bb hover_enabled=\u00a0\u00bb0&Prime; global_colors_info=\u00a0\u00bb{}\u00a0\u00bb sticky_enabled=\u00a0\u00bb0&Prime;]<\/p>\n<p><strong>Le quickie peut vous permettre de passer un excellent moment ; n\u00e9anmoins, cela ne devrait pas devenir une habitude dans votre couple.\u00a0<\/strong><\/p>\n<p><span style=\"font-weight: 400;\">Vous le savez tr\u00e8s bien : dans une relation, faire l\u2019amour ne tourne pas seulement autour du fait de prendre son pied, et le fait de n\u2019avoir le temps que pour des quickies peut vous emp\u00eacher de garder cette connexion que vous r\u00e9ussissez \u00e0 d\u00e9velopper lors d\u2019un vrai rapport sexuel, plus long.<\/span><\/p>\n<p><span style=\"font-weight: 400;\">En outre, <strong>le quickie vous emp\u00eache de mettre \u00e0 bien vos fantasmes et les choses qui vous vont vibrer<\/strong> (<\/span><a href=\"https:\/\/www.placelibertine.com\/fr\/pratique-bdsm.html\"><span style=\"font-weight: 400;\">sexe BDSM<\/span><\/a><span style=\"font-weight: 400;\">, <\/span><a href=\"https:\/\/www.placelibertine.com\/blog\/glossaire\/anulingus\"><span style=\"font-weight: 400;\">anulingus<\/span><\/a><span style=\"font-weight: 400;\">, <\/span><a href=\"https:\/\/www.placelibertine.com\/blog\/glossaire\/edging\"><span style=\"font-weight: 400;\">edging<\/span><\/a><span style=\"font-weight: 400;\"> ou encore <\/span><a href=\"https:\/\/www.placelibertine.com\/blog\/glossaire\/flagellation\"><span style=\"font-weight: 400;\">flagellation<\/span><\/a><span style=\"font-weight: 400;\">, par exemple). Pris par le temps, il vous faut faire au plus vite, et \u00eatre efficace : tout le contraire des pratiques sexuelles moins conventionnelles et port\u00e9es sur la connexion, comme le tantrisme.<\/span><\/p>\n<p><span style=\"font-weight: 400;\">Parfois, faire l\u2019amour de mani\u00e8re sensuelle, avec de longues pr\u00e9liminaires et beaucoup de tendresse peut \u00eatre ce dont vous avez besoin pour \u00e9vacuer le stress et vous changer les id\u00e9es. Lors d\u2019un quickie, tout va tr\u00e8s vite, et vous devez rapidement retourner \u00e0 la vie r\u00e9elle une fois l\u2019action termin\u00e9e.<\/span><\/p>\n<p><span style=\"font-weight: 400;\"><strong>Attention : on ne crache pas sur le quickie<\/strong> ! N\u00e9anmoins, il faut savoir alterner, pour que la monotonie ne s\u2019installe pas dans votre relation, et pour que vous ayez l\u2019opportunit\u00e9 de tester de nouvelles choses<\/span><\/p>\n<p><span style=\"font-weight: 400;\">Mais, d<strong>e temps en temps, le quickie permet clairement de pimenter la relation<\/strong>, de vous faire essayer de nouvelles choses, de vous rendre encore plus complices si vous \u00eates en couple, et de vous faire vivre une exp\u00e9rience torride si vous le pratiquez avec votre plan cul !<\/span><\/p>\n<p><span style=\"font-weight: 400;\">Si vous voulez vous y essayer, vous trouverez beaucoup de partenaires pour pratiquer le quickie (et bien d&rsquo;autres choses !) sur notre <a href=\"https:\/\/www.placelibertine.com\/fr\/\">site libertin<\/a>&#8230;<\/span><\/p>\n<p>[\/et_pb_text][et_pb_button button_url=\u00a0\u00bbhttps:\/\/www.placelibertine.com\/fr\/\u00a0\u00bb button_text=\u00a0\u00bbCliquez ici pour vous inscrire sur Place Libertine !\u00a0\u00bb button_alignment=\u00a0\u00bbcenter\u00a0\u00bb _builder_version=\u00a0\u00bb4.21.2&Prime; _module_preset=\u00a0\u00bbdefault\u00a0\u00bb custom_button=\u00a0\u00bbon\u00a0\u00bb button_text_size=\u00a0\u00bb22px\u00a0\u00bb button_text_color=\u00a0\u00bb#fd027e\u00a0\u00bb button_bg_color=\u00a0\u00bb#000000&Prime; button_border_width=\u00a0\u00bb3px\u00a0\u00bb button_border_color=\u00a0\u00bb#fd027e\u00a0\u00bb button_border_radius=\u00a0\u00bb20px\u00a0\u00bb button_font=\u00a0\u00bb|600|||||||\u00a0\u00bb button_icon=\u00a0\u00bb&#x39;||divi||400&Prime; button_icon_color=\u00a0\u00bb#fd027e\u00a0\u00bb button_icon_placement=\u00a0\u00bbleft\u00a0\u00bb button_on_hover=\u00a0\u00bboff\u00a0\u00bb animation_style=\u00a0\u00bbbounce\u00a0\u00bb global_colors_info=\u00a0\u00bb{}\u00a0\u00bb button_text_color__hover_enabled=\u00a0\u00bbon|desktop\u00a0\u00bb button_text_color__hover=\u00a0\u00bb#000000&Prime; button_bg_color__hover_enabled=\u00a0\u00bbon|desktop\u00a0\u00bb button_icon_color__hover_enabled=\u00a0\u00bbon|hover\u00a0\u00bb button_icon_color__hover=\u00a0\u00bb#000000&Prime; button_border_color__hover_enabled=\u00a0\u00bbon|desktop\u00a0\u00bb button_border_color__hover=\u00a0\u00bb#000000&Prime; button_bg_color__hover=\u00a0\u00bb#fd027e\u00a0\u00bb button_bg_enable_color__hover=\u00a0\u00bbon\u00a0\u00bb][\/et_pb_button][\/et_pb_column][\/et_pb_row][\/et_pb_section]<\/p>\n","protected":false},"excerpt":{"rendered":"<p>Qu\u2019est-ce qu\u2019un quickie ?Des rapports sexuels intenses, brefs et torrides, \u00e7a vous dit ? Parlons du quickie ! Si vous \u00eates dans une relation depuis un certain temps, il se peut que vous ayez des rapports sexuels assez routiniers. En g\u00e9n\u00e9ral, vous faites l\u2019amour juste avant d&rsquo;aller au lit parce que c&rsquo;est l&rsquo;une des rares [&hellip;]<\/p>\n","protected":false},"author":1,"featured_media":0,"parent":381,"menu_order":0,"comment_status":"closed","ping_status":"closed","template":"","meta":{"_seopress_robots_primary_cat":"","_seopress_titles_title":"Quickie - D\u00e9finition, conseils, tout ce qu&#039;il faut savoir","_seopress_titles_desc":"D\u00e9couvrez tout ce qu&#039;il faut savoir sur le quickie, et toutes nos techniques pour que vos rapports sexuels rapides soient remplis de plaisir...","_seopress_robots_index":"","_et_pb_use_builder":"on","_et_pb_old_content":"","_et_gb_content_width":"","footnotes":""},"class_list":["post-603","page","type-page","status-publish","hentry"],"_links":{"self":[{"href":"https:\/\/www.placelibertine.com\/blog\/wp-json\/wp\/v2\/pages\/603","targetHints":{"allow":["GET"]}}],"collection":[{"href":"https:\/\/www.placelibertine.com\/blog\/wp-json\/wp\/v2\/pages"}],"about":[{"href":"https:\/\/www.placelibertine.com\/blog\/wp-json\/wp\/v2\/types\/page"}],"author":[{"embeddable":true,"href":"https:\/\/www.placelibertine.com\/blog\/wp-json\/wp\/v2\/users\/1"}],"replies":[{"embeddable":true,"href":"https:\/\/www.placelibertine.com\/blog\/wp-json\/wp\/v2\/comments?post=603"}],"version-history":[{"count":3,"href":"https:\/\/www.placelibertine.com\/blog\/wp-json\/wp\/v2\/pages\/603\/revisions"}],"predecessor-version":[{"id":612,"href":"https:\/\/www.placelibertine.com\/blog\/wp-json\/wp\/v2\/pages\/603\/revisions\/612"}],"up":[{"embeddable":true,"href":"https:\/\/www.placelibertine.com\/blog\/wp-json\/wp\/v2\/pages\/381"}],"wp:attachment":[{"href":"https:\/\/www.placelibertine.com\/blog\/wp-json\/wp\/v2\/media?parent=603"}],"curies":[{"name":"wp","href":"https:\/\/api.w.org\/{rel}","templated":true}]}}